{"id":218,"date":"2024-11-04T16:00:56","date_gmt":"2024-11-04T15:00:56","guid":{"rendered":"https:\/\/prjxgjwpoh.onrocket.site\/?page_id=218"},"modified":"2025-12-03T18:04:22","modified_gmt":"2025-12-03T17:04:22","slug":"about-us","status":"publish","type":"page","link":"https:\/\/vitalstoday.com\/en\/quienes-somos\/","title":{"rendered":"About Us"},"content":{"rendered":"<div data-elementor-type=\"wp-page\" data-elementor-id=\"218\" class=\"elementor elementor-218\">\n\t\t\t\t<div class=\"elementor-element elementor-element-18180675 e-flex e-con-boxed e-con e-parent\" data-id=\"18180675\" data-element_type=\"container\" data-e-type=\"container\">\n\t\t\t\t\t<div class=\"e-con-inner\">\n\t\t\t\t<div class=\"elementor-element elementor-element-0d5267d elementor-widget elementor-widget-spacer\" data-id=\"0d5267d\" data-element_type=\"widget\" data-e-type=\"widget\" data-widget_type=\"spacer.default\">\n\t\t\t\t<div class=\"elementor-widget-container\">\n\t\t\t\t\t\t\t<div class=\"elementor-spacer\">\n\t\t\t<div class=\"elementor-spacer-inner\"><\/div>\n\t\t<\/div>\n\t\t\t\t\t\t<\/div>\n\t\t\t\t<\/div>\n\t\t\t\t<div class=\"elementor-element elementor-element-d7ead82 elementor-widget elementor-widget-heading\" data-id=\"d7ead82\" data-element_type=\"widget\" data-e-type=\"widget\" data-widget_type=\"heading.default\">\n\t\t\t\t<div class=\"elementor-widget-container\">\n\t\t\t\t\t<h1 class=\"elementor-heading-title elementor-size-default\">Who are we?<\/h1>\t\t\t\t<\/div>\n\t\t\t\t<\/div>\n\t\t\t\t<div class=\"elementor-element elementor-element-0387561 elementor-widget elementor-widget-text-editor\" data-id=\"0387561\" data-element_type=\"widget\" data-e-type=\"widget\" data-widget_type=\"text-editor.default\">\n\t\t\t\t<div class=\"elementor-widget-container\">\n\t\t\t\t\t\t\t\t\t<p data-start=\"189\" data-end=\"271\">On this page you will learn about our mission and the team that makes Vitals Today possible.<\/p>\t\t\t\t\t\t\t\t<\/div>\n\t\t\t\t<\/div>\n\t\t\t\t<div class=\"elementor-element elementor-element-9c3a7b9 elementor-widget elementor-widget-heading\" data-id=\"9c3a7b9\" data-element_type=\"widget\" data-e-type=\"widget\" data-widget_type=\"heading.default\">\n\t\t\t\t<div class=\"elementor-widget-container\">\n\t\t\t\t\t<h2 class=\"elementor-heading-title elementor-size-default\">Our mission<\/h2>\t\t\t\t<\/div>\n\t\t\t\t<\/div>\n\t\t\t\t<div class=\"elementor-element elementor-element-c9a9422 elementor-widget elementor-widget-heading\" data-id=\"c9a9422\" data-element_type=\"widget\" data-e-type=\"widget\" data-widget_type=\"heading.default\">\n\t\t\t\t<div class=\"elementor-widget-container\">\n\t\t\t\t\t<h4 class=\"elementor-heading-title elementor-size-default\">Your guide to understanding medications and taking care of your health, wherever you are<\/h4>\t\t\t\t<\/div>\n\t\t\t\t<\/div>\n\t\t\t\t<div class=\"elementor-element elementor-element-cbc1af9 elementor-widget elementor-widget-text-editor\" data-id=\"cbc1af9\" data-element_type=\"widget\" data-e-type=\"widget\" data-widget_type=\"text-editor.default\">\n\t\t\t\t<div class=\"elementor-widget-container\">\n\t\t\t\t\t\t\t\t\t<p>Moving to or spending time in another country can be exciting\u2026 until you need a doctor or medication. Brand names change, prescription rules are different, pharmacies operate differently, and you don&#039;t know if what they&#039;re offering is similar to what you were taking back home.<\/p><p>Vitals Today was created to support you in this situation. We are an independent website that explains, in clear language, how medications and healthcare systems work in different countries. We rely on official sources and current evidence, such as product information sheets, package inserts, and clinical guidelines, and have a team of professional journalists supported by experienced physicians.<\/p><p>Our goal is to help you better understand what you&#039;ve been prescribed, whether a medication is over-the-counter or prescription, what risks it may have, and when it&#039;s important to seek professional help. We&#039;re starting with Spain and will gradually add other countries. Our content is already available in Spanish, English, and French, so you can access information in the language that&#039;s most convenient for you.<\/p>\t\t\t\t\t\t\t\t<\/div>\n\t\t\t\t<\/div>\n\t\t\t\t<div class=\"elementor-element elementor-element-73845cd elementor-widget elementor-widget-heading\" data-id=\"73845cd\" data-element_type=\"widget\" data-e-type=\"widget\" data-widget_type=\"heading.default\">\n\t\t\t\t<div class=\"elementor-widget-container\">\n\t\t\t\t\t<h2 class=\"elementor-heading-title elementor-size-default\"><span style=\"font-size: 27.342px\">Our team<\/span><\/h2>\t\t\t\t<\/div>\n\t\t\t\t<\/div>\n\t\t\t\t<div class=\"elementor-element elementor-element-9eb9613 elementor-widget elementor-widget-heading\" data-id=\"9eb9613\" data-element_type=\"widget\" data-e-type=\"widget\" data-widget_type=\"heading.default\">\n\t\t\t\t<div class=\"elementor-widget-container\">\n\t\t\t\t\t<h4 class=\"elementor-heading-title elementor-size-default\">Medical Advisory Board<\/h4>\t\t\t\t<\/div>\n\t\t\t\t<\/div>\n\t\t\t\t<div class=\"elementor-element elementor-element-7ebe2b1 elementor-widget elementor-widget-text-editor\" data-id=\"7ebe2b1\" data-element_type=\"widget\" data-e-type=\"widget\" data-widget_type=\"text-editor.default\">\n\t\t\t\t<div class=\"elementor-widget-container\">\n\t\t\t\t\t\t\t\t\t<p><strong>Dr. Marisol Exp\u00f3sito \u2013 Internal Medicine \/ Medical Director<\/strong><br \/>Internal medicine physician with over 30 years of international experience. She oversees the clinical quality of the content, especially when it comes to chronic diseases and more complex treatments.<\/p>\t\t\t\t\t\t\t\t<\/div>\n\t\t\t\t<\/div>\n\t\t\t\t<div class=\"elementor-element elementor-element-dc60953 elementor-widget elementor-widget-text-editor\" data-id=\"dc60953\" data-element_type=\"widget\" data-e-type=\"widget\" data-widget_type=\"text-editor.default\">\n\t\t\t\t<div class=\"elementor-widget-container\">\n\t\t\t\t\t\t\t\t\t<p><span style=\"font-style: normal; font-variant-ligatures: normal; font-variant-caps: normal; font-weight: bold; font-size: 14px; font-family: Inter, Helvetica, Arial, sans-serif;\">Dr. Domingo Mart\u00ednez Hedman \u2013 Internal Medicine and Emergency Medicine<\/span><br \/>Internal medicine physician with extensive international experience in emergency and critical care. Provides a practical perspective on warning signs, patient safety, and responsible medication use.<\/p>\t\t\t\t\t\t\t\t<\/div>\n\t\t\t\t<\/div>\n\t\t\t\t<div class=\"elementor-element elementor-element-35cbae7 elementor-widget elementor-widget-heading\" data-id=\"35cbae7\" data-element_type=\"widget\" data-e-type=\"widget\" data-widget_type=\"heading.default\">\n\t\t\t\t<div class=\"elementor-widget-container\">\n\t\t\t\t\t<h4 class=\"elementor-heading-title elementor-size-default\">Editorial team<\/h4>\t\t\t\t<\/div>\n\t\t\t\t<\/div>\n\t\t\t\t<div class=\"elementor-element elementor-element-2d36033 elementor-widget elementor-widget-text-editor\" data-id=\"2d36033\" data-element_type=\"widget\" data-e-type=\"widget\" data-widget_type=\"text-editor.default\">\n\t\t\t\t<div class=\"elementor-widget-container\">\n\t\t\t\t\t\t\t\t\t<p><strong>Wendy Lazcano \u2013 Health and Medicine Journalist<\/strong><br \/>A journalist with a background in international media and over 12 years of experience. She focuses on explaining how medications work, how to access them, and what regulations affect local and foreign patients.<\/p>\t\t\t\t\t\t\t\t<\/div>\n\t\t\t\t<\/div>\n\t\t\t\t<div class=\"elementor-element elementor-element-1cbe6ae elementor-widget elementor-widget-text-editor\" data-id=\"1cbe6ae\" data-element_type=\"widget\" data-e-type=\"widget\" data-widget_type=\"text-editor.default\">\n\t\t\t\t<div class=\"elementor-widget-container\">\n\t\t\t\t\t\t\t\t\t<p><strong>Raquel Hern\u00e1ndez \u2013 Mental health and emotional well-being<\/strong><br \/>Writer specializing in emotional well-being and mental health. She addresses topics such as anxiety, depression, and adapting to new environments in a friendly and respectful tone.<\/p>\t\t\t\t\t\t\t\t<\/div>\n\t\t\t\t<\/div>\n\t\t\t\t<div class=\"elementor-element elementor-element-0897ed0 elementor-widget elementor-widget-heading\" data-id=\"0897ed0\" data-element_type=\"widget\" data-e-type=\"widget\" data-widget_type=\"heading.default\">\n\t\t\t\t<div class=\"elementor-widget-container\">\n\t\t\t\t\t<h4 class=\"elementor-heading-title elementor-size-default\">Administration<\/h4>\t\t\t\t<\/div>\n\t\t\t\t<\/div>\n\t\t\t\t<div class=\"elementor-element elementor-element-38bddc3 elementor-widget elementor-widget-text-editor\" data-id=\"38bddc3\" data-element_type=\"widget\" data-e-type=\"widget\" data-widget_type=\"text-editor.default\">\n\t\t\t\t<div class=\"elementor-widget-container\">\n\t\t\t\t\t\t\t\t\t<p><strong>Basim Al-Rosan \u2013 Digital Management and Strategy<\/strong><br \/><span style=\"font-family: Inter, Helvetica, Arial, sans-serif; font-size: 14px; font-style: normal; font-variant-ligatures: normal; font-variant-caps: normal; font-weight: 400;\">Responsible for project coordination, technical aspects, and digital strategy. Ensures that Vitals Today is a fast, reliable, and user-friendly website for readers in different countries.<\/span><\/p>\t\t\t\t\t\t\t\t<\/div>\n\t\t\t\t<\/div>\n\t\t\t\t<div class=\"elementor-element elementor-element-ce0f698 elementor-widget elementor-widget-heading\" data-id=\"ce0f698\" data-element_type=\"widget\" data-e-type=\"widget\" data-widget_type=\"heading.default\">\n\t\t\t\t<div class=\"elementor-widget-container\">\n\t\t\t\t\t<h2 class=\"elementor-heading-title elementor-size-default\">A support, not a substitute<\/h2>\t\t\t\t<\/div>\n\t\t\t\t<\/div>\n\t\t\t\t<div class=\"elementor-element elementor-element-284adfa elementor-widget elementor-widget-text-editor\" data-id=\"284adfa\" data-element_type=\"widget\" data-e-type=\"widget\" data-widget_type=\"text-editor.default\">\n\t\t\t\t<div class=\"elementor-widget-container\">\n\t\t\t\t\t\t\t\t\t<p>The information provided by Vitals Today is for informational purposes only and is not a substitute for medical advice or emergency services. We do not provide personalized diagnoses or recommend changes in treatment; this should always be done by a healthcare professional familiar with your case.<\/p>\n<p>Before taking or changing any medication, you should read the official package insert and follow your doctor&#039;s or pharmacist&#039;s instructions, especially regarding dosage, duration, and contraindications. If you have any questions or your symptoms worsen, we recommend that you always consult a healthcare professional in the country where you are.<\/p>\t\t\t\t\t\t\t\t<\/div>\n\t\t\t\t<\/div>\n\t\t\t\t<div class=\"elementor-element elementor-element-c28e2c8 elementor-widget-divider--view-line elementor-widget elementor-widget-divider\" data-id=\"c28e2c8\" data-element_type=\"widget\" data-e-type=\"widget\" data-widget_type=\"divider.default\">\n\t\t\t\t<div class=\"elementor-widget-container\">\n\t\t\t\t\t\t\t<div class=\"elementor-divider\">\n\t\t\t<span class=\"elementor-divider-separator\">\n\t\t\t\t\t\t<\/span>\n\t\t<\/div>\n\t\t\t\t\t\t<\/div>\n\t\t\t\t<\/div>\n\t\t\t\t<div class=\"elementor-element elementor-element-d4a7637 elementor-widget elementor-widget-text-editor\" data-id=\"d4a7637\" data-element_type=\"widget\" data-e-type=\"widget\" data-widget_type=\"text-editor.default\">\n\t\t\t\t<div class=\"elementor-widget-container\">\n\t\t\t\t\t\t\t\t\t<p data-start=\"169\" data-end=\"285\"><em>If you want to contact us, visit <a href=\"https:\/\/vitalstoday.com\/en\/contact\/\">our Contact page<\/a>.<\/em><\/p><p><i>For more information on how we manage the privacy of your data, please see our <\/i><a href=\"https:\/\/vitalstoday.com\/en\/privacy-policy\/\"><span style=\"text-align: var(--text-align);\"><i>Privacy Policy<\/i><\/span><\/a><\/p>\t\t\t\t\t\t\t\t<\/div>\n\t\t\t\t<\/div>\n\t\t\t\t\t<\/div>\n\t\t\t\t<\/div>\n\t\t\t\t<\/div>","protected":false},"excerpt":{"rendered":"<p>Who We Are at Vitals Today: Discover our mission, values and commitment to reporting on the healthcare and pharmaceutical industry in an accurate and up-to-date manner<\/p>","protected":false},"author":116057020,"featured_media":0,"parent":0,"menu_order":0,"comment_status":"closed","ping_status":"closed","template":"elementor_header_footer","meta":{"_stopmodifiedupdate":false,"_modified_date":"","jnews_page_loop":{"first_title":"Latest Post","header_type":"heading_6","layout":"right-sidebar","sidebar":"default-sidebar","second_sidebar":"default-sidebar","sticky_sidebar":"1","module":"3","excerpt_length":"20","content_date":"default","date_custom":"Y\/m\/d","content_pagination":"nav_1","pagination_align":"center","post_sticky":"0","post_offset":"0","posts_per_page":"5","sort_by":"latest"},"jnews_single_page":{"layout":"no-sidebar","sidebar":"default-sidebar","second_sidebar":"default-sidebar","sticky_sidebar":"1","show_post_title":"1","show_post_breadcrumbs":"1","show_post_featured":"1","share_position":"hide","share_color":"share-monocrhome"},"footnotes":""},"class_list":["post-218","page","type-page","status-publish","hentry"],"yoast_head":"<!-- This site is optimized with the Yoast SEO plugin v27.5 - https:\/\/yoast.com\/product\/yoast-seo-wordpress\/ -->\n<title>Quienes Somos | Vitals Today<\/title>\n<meta name=\"description\" content=\"Qui\u00e9nes Somos en Vitals Today, descubre nuestra misi\u00f3n, valores y compromiso en informar sobre el sector salud y farmac\u00e9utico de manera precisa y actualizada\" \/>\n<meta name=\"robots\" content=\"index, follow, max-snippet:-1, max-image-preview:large, max-video-preview:-1\" \/>\n<link rel=\"canonical\" href=\"https:\/\/vitalstoday.com\/en\/about-us\/\" \/>\n<meta property=\"og:locale\" content=\"en_US\" \/>\n<meta property=\"og:type\" content=\"article\" \/>\n<meta property=\"og:title\" content=\"Quienes Somos | Vitals Today\" \/>\n<meta property=\"og:description\" content=\"Qui\u00e9nes Somos en Vitals Today, descubre nuestra misi\u00f3n, valores y compromiso en informar sobre el sector salud y farmac\u00e9utico de manera precisa y actualizada\" \/>\n<meta property=\"og:url\" content=\"https:\/\/vitalstoday.com\/en\/about-us\/\" \/>\n<meta property=\"og:site_name\" content=\"Vitals Today\" \/>\n<meta property=\"article:publisher\" content=\"https:\/\/www.facebook.com\/VitalsToday\/\" \/>\n<meta property=\"article:modified_time\" content=\"2025-12-03T17:04:22+00:00\" \/>\n<meta name=\"twitter:card\" content=\"summary_large_image\" \/>\n<meta name=\"twitter:site\" content=\"@VitalsToday\" \/>\n<meta name=\"twitter:label1\" content=\"Est. reading time\" \/>\n\t<meta name=\"twitter:data1\" content=\"3 minutes\" \/>\n<script type=\"application\/ld+json\" class=\"yoast-schema-graph\">{\"@context\":\"https:\\\/\\\/schema.org\",\"@graph\":[{\"@type\":[\"WebPage\",\"AboutPage\"],\"@id\":\"https:\\\/\\\/vitalstoday.com\\\/quienes-somos\\\/\",\"url\":\"https:\\\/\\\/vitalstoday.com\\\/quienes-somos\\\/\",\"name\":\"Quienes Somos | Vitals Today\",\"isPartOf\":{\"@id\":\"https:\\\/\\\/vitalstoday.com\\\/#website\"},\"datePublished\":\"2024-11-04T15:00:56+00:00\",\"dateModified\":\"2025-12-03T17:04:22+00:00\",\"description\":\"Qui\u00e9nes Somos en Vitals Today, descubre nuestra misi\u00f3n, valores y compromiso en informar sobre el sector salud y farmac\u00e9utico de manera precisa y actualizada\",\"inLanguage\":\"en-US\",\"potentialAction\":[{\"@type\":\"ReadAction\",\"target\":[\"https:\\\/\\\/vitalstoday.com\\\/quienes-somos\\\/\"]}]},{\"@type\":\"WebSite\",\"@id\":\"https:\\\/\\\/vitalstoday.com\\\/#website\",\"url\":\"https:\\\/\\\/vitalstoday.com\\\/\",\"name\":\"Vitals Today\",\"description\":\"Tu gu\u00eda para entender los medicamentos y cuidar tu salud, est\u00e9s donde est\u00e9s\",\"publisher\":{\"@id\":\"https:\\\/\\\/vitalstoday.com\\\/#organization\"},\"alternateName\":\"VitalsToday\",\"potentialAction\":[{\"@type\":\"SearchAction\",\"target\":{\"@type\":\"EntryPoint\",\"urlTemplate\":\"https:\\\/\\\/vitalstoday.com\\\/?s={search_term_string}\"},\"query-input\":{\"@type\":\"PropertyValueSpecification\",\"valueRequired\":true,\"valueName\":\"search_term_string\"}}],\"inLanguage\":\"en-US\"},{\"@type\":\"Organization\",\"@id\":\"https:\\\/\\\/vitalstoday.com\\\/#organization\",\"name\":\"Vitals Today\",\"url\":\"https:\\\/\\\/vitalstoday.com\\\/\",\"logo\":{\"@type\":\"ImageObject\",\"inLanguage\":\"en-US\",\"@id\":\"https:\\\/\\\/vitalstoday.com\\\/#\\\/schema\\\/logo\\\/image\\\/\",\"url\":\"https:\\\/\\\/vitalstoday.com\\\/wp-content\\\/uploads\\\/cropped-VitalsToday_Green_Transparent_TextSame_512.png\",\"contentUrl\":\"https:\\\/\\\/vitalstoday.com\\\/wp-content\\\/uploads\\\/cropped-VitalsToday_Green_Transparent_TextSame_512.png\",\"width\":512,\"height\":512,\"caption\":\"Vitals Today\"},\"image\":{\"@id\":\"https:\\\/\\\/vitalstoday.com\\\/#\\\/schema\\\/logo\\\/image\\\/\"},\"sameAs\":[\"https:\\\/\\\/www.facebook.com\\\/VitalsToday\\\/\",\"https:\\\/\\\/x.com\\\/VitalsToday\",\"https:\\\/\\\/www.linkedin.com\\\/company\\\/vitals-today\",\"https:\\\/\\\/bsky.app\\\/profile\\\/vitalstoday.bsky.social\"]}]}<\/script>\n<!-- \/ Yoast SEO plugin. -->","yoast_head_json":{"title":"Who We Are | Vitals Today","description":"About us - Vitals Today, discover our mission, values and commitment to reporting on the health and pharmaceutical sector in an accurate and up-to-date manner","robots":{"index":"index","follow":"follow","max-snippet":"max-snippet:-1","max-image-preview":"max-image-preview:large","max-video-preview":"max-video-preview:-1"},"canonical":"https:\/\/vitalstoday.com\/en\/about-us\/","og_locale":"en_US","og_type":"article","og_title":"Quienes Somos | Vitals Today","og_description":"Qui\u00e9nes Somos en Vitals Today, descubre nuestra misi\u00f3n, valores y compromiso en informar sobre el sector salud y farmac\u00e9utico de manera precisa y actualizada","og_url":"https:\/\/vitalstoday.com\/en\/about-us\/","og_site_name":"Vitals Today","article_publisher":"https:\/\/www.facebook.com\/VitalsToday\/","article_modified_time":"2025-12-03T17:04:22+00:00","twitter_card":"summary_large_image","twitter_site":"@VitalsToday","twitter_misc":{"Est. reading time":"3 minutes"},"schema":{"@context":"https:\/\/schema.org","@graph":[{"@type":["WebPage","AboutPage"],"@id":"https:\/\/vitalstoday.com\/quienes-somos\/","url":"https:\/\/vitalstoday.com\/quienes-somos\/","name":"Who We Are | Vitals Today","isPartOf":{"@id":"https:\/\/vitalstoday.com\/#website"},"datePublished":"2024-11-04T15:00:56+00:00","dateModified":"2025-12-03T17:04:22+00:00","description":"About us - Vitals Today, discover our mission, values and commitment to reporting on the health and pharmaceutical sector in an accurate and up-to-date manner","inLanguage":"en-US","potentialAction":[{"@type":"ReadAction","target":["https:\/\/vitalstoday.com\/quienes-somos\/"]}]},{"@type":"WebSite","@id":"https:\/\/vitalstoday.com\/#website","url":"https:\/\/vitalstoday.com\/","name":"Vitals Today","description":"Your guide to understanding medications and taking care of your health, wherever you are","publisher":{"@id":"https:\/\/vitalstoday.com\/#organization"},"alternateName":"VitalsToday","potentialAction":[{"@type":"SearchAction","target":{"@type":"EntryPoint","urlTemplate":"https:\/\/vitalstoday.com\/?s={search_term_string}"},"query-input":{"@type":"PropertyValueSpecification","valueRequired":true,"valueName":"search_term_string"}}],"inLanguage":"en-US"},{"@type":"Organization","@id":"https:\/\/vitalstoday.com\/#organization","name":"Vitals Today","url":"https:\/\/vitalstoday.com\/","logo":{"@type":"ImageObject","inLanguage":"en-US","@id":"https:\/\/vitalstoday.com\/#\/schema\/logo\/image\/","url":"https:\/\/vitalstoday.com\/wp-content\/uploads\/cropped-VitalsToday_Green_Transparent_TextSame_512.png","contentUrl":"https:\/\/vitalstoday.com\/wp-content\/uploads\/cropped-VitalsToday_Green_Transparent_TextSame_512.png","width":512,"height":512,"caption":"Vitals Today"},"image":{"@id":"https:\/\/vitalstoday.com\/#\/schema\/logo\/image\/"},"sameAs":["https:\/\/www.facebook.com\/VitalsToday\/","https:\/\/x.com\/VitalsToday","https:\/\/www.linkedin.com\/company\/vitals-today","https:\/\/bsky.app\/profile\/vitalstoday.bsky.social"]}]}},"jetpack_sharing_enabled":true,"_links":{"self":[{"href":"https:\/\/vitalstoday.com\/en\/wp-json\/wp\/v2\/pages\/218","targetHints":{"allow":["GET"]}}],"collection":[{"href":"https:\/\/vitalstoday.com\/en\/wp-json\/wp\/v2\/pages"}],"about":[{"href":"https:\/\/vitalstoday.com\/en\/wp-json\/wp\/v2\/types\/page"}],"author":[{"embeddable":true,"href":"https:\/\/vitalstoday.com\/en\/wp-json\/wp\/v2\/users\/116057020"}],"replies":[{"embeddable":true,"href":"https:\/\/vitalstoday.com\/en\/wp-json\/wp\/v2\/comments?post=218"}],"version-history":[{"count":83,"href":"https:\/\/vitalstoday.com\/en\/wp-json\/wp\/v2\/pages\/218\/revisions"}],"predecessor-version":[{"id":4230,"href":"https:\/\/vitalstoday.com\/en\/wp-json\/wp\/v2\/pages\/218\/revisions\/4230"}],"wp:attachment":[{"href":"https:\/\/vitalstoday.com\/en\/wp-json\/wp\/v2\/media?parent=218"}],"curies":[{"name":"wp","href":"https:\/\/api.w.org\/{rel}","templated":true}]}}