{"id":426,"date":"2024-11-05T17:39:42","date_gmt":"2024-11-05T16:39:42","guid":{"rendered":"https:\/\/prjxgjwpoh.onrocket.site\/?page_id=426"},"modified":"2026-01-07T09:30:21","modified_gmt":"2026-01-07T08:30:21","slug":"contact","status":"publish","type":"page","link":"https:\/\/vitalstoday.com\/en\/contacto\/","title":{"rendered":"Contact"},"content":{"rendered":"<div data-elementor-type=\"wp-page\" data-elementor-id=\"426\" class=\"elementor elementor-426\">\n\t\t\t\t<div class=\"elementor-element elementor-element-6aa982a2 e-flex e-con-boxed e-con e-parent\" data-id=\"6aa982a2\" data-element_type=\"container\" data-e-type=\"container\">\n\t\t\t\t\t<div class=\"e-con-inner\">\n\t\t\t\t<div class=\"elementor-element elementor-element-80af6ed elementor-widget elementor-widget-heading\" data-id=\"80af6ed\" data-element_type=\"widget\" data-e-type=\"widget\" data-widget_type=\"heading.default\">\n\t\t\t\t<div class=\"elementor-widget-container\">\n\t\t\t\t\t<h2 class=\"elementor-heading-title elementor-size-default\"><span style=\"font-size: 27.342px\">How to contact Vitals Today?<\/span><span style=\"color: var( --e-global-color-primary );font-family: var( --e-global-typography-primary-font-family ), Sans-serif;font-size: 1.953em;font-weight: var( --e-global-typography-primary-font-weight );text-align: var(--text-align)\"><\/span><\/h2>\t\t\t\t<\/div>\n\t\t\t\t<\/div>\n\t\t\t\t<div class=\"elementor-element elementor-element-ec1133c elementor-widget elementor-widget-text-editor\" data-id=\"ec1133c\" data-element_type=\"widget\" data-e-type=\"widget\" data-widget_type=\"text-editor.default\">\n\t\t\t\t<div class=\"elementor-widget-container\">\n\t\t\t\t\t\t\t\t\t<p>We would love to hear from you and we are always happy to explore new collaboration opportunities, you can write to us directly by email or through our LinkedIn page:<\/p>\n<ul>\n<li>contact@vitalstoday.com<\/li>\n<li><a href=\"https:\/\/www.linkedin.com\/company\/vitalstoday\/\">LinkedIn Page<\/a><\/li>\n<\/ul>\t\t\t\t\t\t\t\t<\/div>\n\t\t\t\t<\/div>\n\t\t\t\t<div class=\"elementor-element elementor-element-275fdc9 elementor-widget-divider--view-line elementor-widget elementor-widget-divider\" data-id=\"275fdc9\" data-element_type=\"widget\" data-e-type=\"widget\" data-widget_type=\"divider.default\">\n\t\t\t\t<div class=\"elementor-widget-container\">\n\t\t\t\t\t\t\t<div class=\"elementor-divider\">\n\t\t\t<span class=\"elementor-divider-separator\">\n\t\t\t\t\t\t<\/span>\n\t\t<\/div>\n\t\t\t\t\t\t<\/div>\n\t\t\t\t<\/div>\n\t\t\t\t<div class=\"elementor-element elementor-element-b6c438f elementor-widget elementor-widget-heading\" data-id=\"b6c438f\" data-element_type=\"widget\" data-e-type=\"widget\" data-widget_type=\"heading.default\">\n\t\t\t\t<div class=\"elementor-widget-container\">\n\t\t\t\t\t<h2 class=\"elementor-heading-title elementor-size-default\"><span style=\"font-size: 27.342px\">Why contact Vitals Today?<\/span><span style=\"color: var( --e-global-color-primary );font-family: var( --e-global-typography-primary-font-family ), Sans-serif;font-size: 1.953em;font-weight: var( --e-global-typography-primary-font-weight );text-align: var(--text-align)\"><\/span><\/h2>\t\t\t\t<\/div>\n\t\t\t\t<\/div>\n\t\t\t\t<div class=\"elementor-element elementor-element-e5c2aad elementor-widget elementor-widget-heading\" data-id=\"e5c2aad\" data-element_type=\"widget\" data-e-type=\"widget\" data-widget_type=\"heading.default\">\n\t\t\t\t<div class=\"elementor-widget-container\">\n\t\t\t\t\t<h3 class=\"elementor-heading-title elementor-size-default\"><span style=\"font-size: 21.882px\">Comments and Suggestions<\/span><span style=\"color: var( --e-global-color-primary );font-family: var( --e-global-typography-primary-font-family ), Sans-serif;font-size: 1.563em;font-weight: var( --e-global-typography-primary-font-weight );text-align: var(--text-align)\"><\/span><\/h3>\t\t\t\t<\/div>\n\t\t\t\t<\/div>\n\t\t\t\t<div class=\"elementor-element elementor-element-3b1acd5 elementor-widget elementor-widget-text-editor\" data-id=\"3b1acd5\" data-element_type=\"widget\" data-e-type=\"widget\" data-widget_type=\"text-editor.default\">\n\t\t\t\t<div class=\"elementor-widget-container\">\n\t\t\t\t\t\t\t\t\t<p>At Vitals Today, we care deeply about creating content that is truly relevant and useful to our readers. We are committed to continuous improvement and your feedback is key to achieving this, please feel free to write to us for:<\/p><ul><li><b>Content suggestions<\/b>: Let us know if there are specific topics, trends, or areas of the healthcare industry that you would like to see on our platform. We are also open to suggestions on how we could enrich our articles and resources.<\/li><li><b>Ideas for new topics<\/b>: Do you have innovative ideas on important topics that you think we should cover? We would love to hear your suggestions!<\/li><li><b>General feedback<\/b>: Your feedback about our website, its design, or your overall experience browsing Vitals Today is always welcome. Every opinion counts and helps us improve!<\/li><\/ul>\t\t\t\t\t\t\t\t<\/div>\n\t\t\t\t<\/div>\n\t\t\t\t<div class=\"elementor-element elementor-element-313b51d elementor-widget elementor-widget-heading\" data-id=\"313b51d\" data-element_type=\"widget\" data-e-type=\"widget\" data-widget_type=\"heading.default\">\n\t\t\t\t<div class=\"elementor-widget-container\">\n\t\t\t\t\t<h3 class=\"elementor-heading-title elementor-size-default\"><span style=\"font-size: 21.882px\">Advertising and Collaborations<\/span><span style=\"color: var( --e-global-color-primary );font-family: var( --e-global-typography-primary-font-family ), Sans-serif;font-size: 1.563em;font-weight: var( --e-global-typography-primary-font-weight );text-align: var(--text-align)\"><\/span><\/h3>\t\t\t\t<\/div>\n\t\t\t\t<\/div>\n\t\t\t\t<div class=\"elementor-element elementor-element-d1b8e40 elementor-widget elementor-widget-text-editor\" data-id=\"d1b8e40\" data-element_type=\"widget\" data-e-type=\"widget\" data-widget_type=\"text-editor.default\">\n\t\t\t\t<div class=\"elementor-widget-container\">\n\t\t\t\t\t\t\t\t\t<ul>\n<li><b>Advertising<\/b>: If you want to promote your brand on a platform specialized in the health and pharmaceutical sector, we are here to help. We would love to discuss advertising and sponsorship opportunities to connect your brand with our audience.<\/li>\n<li><b>Collaborations<\/b>: We strongly believe in the power of partnerships. Let&#039;s work together to create meaningful and valuable content that benefits our audiences.<\/li>\n<li><b>Events<\/b>: Do you have an upcoming event or campaign that needs visibility? We can help you promote it on our social media and in our <a href=\"https:\/\/vitalstoday.com\/en\/tag\/events\/\">event coverage<\/a>.<\/li>\n<li><b>Schedule an interview<\/b>: Highlight your company or projects with a written or audiovisual interview (in collaboration with&nbsp;<a href=\"https:\/\/www.youtube.com\/@puntociegooficial\">\"Punto Ciego\"<\/a>). It is an opportunity to share your achievements and connect with our community<\/li>\n<\/ul>\t\t\t\t\t\t\t\t<\/div>\n\t\t\t\t<\/div>\n\t\t\t\t<div class=\"elementor-element elementor-element-5460dd6 elementor-widget elementor-widget-heading\" data-id=\"5460dd6\" data-element_type=\"widget\" data-e-type=\"widget\" data-widget_type=\"heading.default\">\n\t\t\t\t<div class=\"elementor-widget-container\">\n\t\t\t\t\t<h3 class=\"elementor-heading-title elementor-size-default\">General Inquiries<\/h3>\t\t\t\t<\/div>\n\t\t\t\t<\/div>\n\t\t\t\t<div class=\"elementor-element elementor-element-0c2aeb1 elementor-widget elementor-widget-text-editor\" data-id=\"0c2aeb1\" data-element_type=\"widget\" data-e-type=\"widget\" data-widget_type=\"text-editor.default\">\n\t\t\t\t<div class=\"elementor-widget-container\">\n\t\t\t\t\t\t\t\t\t<p>For any other questions or proposals, please do not hesitate to contact us. We would love to hear from you and explore new opportunities together!<\/p><p>Interested in learning more about our team and purpose? Learn more about Vitals Today on our page. <a href=\"https:\/\/vitalstoday.com\/en\/about-us\/\">About Us<\/a><\/p>\t\t\t\t\t\t\t\t<\/div>\n\t\t\t\t<\/div>\n\t\t\t\t<div class=\"elementor-element elementor-element-63b3d87 elementor-widget-divider--view-line elementor-widget elementor-widget-divider\" data-id=\"63b3d87\" data-element_type=\"widget\" data-e-type=\"widget\" data-widget_type=\"divider.default\">\n\t\t\t\t<div class=\"elementor-widget-container\">\n\t\t\t\t\t\t\t<div class=\"elementor-divider\">\n\t\t\t<span class=\"elementor-divider-separator\">\n\t\t\t\t\t\t<\/span>\n\t\t<\/div>\n\t\t\t\t\t\t<\/div>\n\t\t\t\t<\/div>\n\t\t\t\t<div class=\"elementor-element elementor-element-eef2c10 elementor-widget elementor-widget-heading\" data-id=\"eef2c10\" data-element_type=\"widget\" data-e-type=\"widget\" data-widget_type=\"heading.default\">\n\t\t\t\t<div class=\"elementor-widget-container\">\n\t\t\t\t\t<h2 class=\"elementor-heading-title elementor-size-default\">And follow us on social networks<\/h2>\t\t\t\t<\/div>\n\t\t\t\t<\/div>\n\t\t\t\t<div class=\"elementor-element elementor-element-6022fbd elementor-widget elementor-widget-text-editor\" data-id=\"6022fbd\" data-element_type=\"widget\" data-e-type=\"widget\" data-widget_type=\"text-editor.default\">\n\t\t\t\t<div class=\"elementor-widget-container\">\n\t\t\t\t\t\t\t\t\t<p>You can also follow us on any of your favorite social networks to always be up to date with the latest news.<\/p>\t\t\t\t\t\t\t\t<\/div>\n\t\t\t\t<\/div>\n\t\t\t\t<div class=\"elementor-element elementor-element-65a5024 elementor-shape-rounded elementor-grid-0 e-grid-align-center elementor-widget elementor-widget-social-icons\" data-id=\"65a5024\" data-element_type=\"widget\" data-e-type=\"widget\" data-widget_type=\"social-icons.default\">\n\t\t\t\t<div class=\"elementor-widget-container\">\n\t\t\t\t\t\t\t<div class=\"elementor-social-icons-wrapper elementor-grid\" role=\"list\">\n\t\t\t\t\t\t\t<span class=\"elementor-grid-item\" role=\"listitem\">\n\t\t\t\t\t<a class=\"elementor-icon elementor-social-icon elementor-social-icon-linkedin elementor-repeater-item-4f59680\" href=\"https:\/\/www.linkedin.com\/company\/vitals-today\/\" target=\"_blank\" rel=\"\">\n\t\t\t\t\t\t<span class=\"elementor-screen-only\">Linkedin<\/span>\n\t\t\t\t\t\t<svg aria-hidden=\"true\" class=\"e-font-icon-svg e-fab-linkedin\" viewbox=\"0 0 448 512\" xmlns=\"http:\/\/www.w3.org\/2000\/svg\"><path d=\"M416 32H31.9C14.3 32 0 46.5 0 64.3v383.4C0 465.5 14.3 480 31.9 480H416c17.6 0 32-14.5 32-32.3V64.3c0-17.8-14.4-32.3-32-32.3zM135.4 416H69V202.2h66.5V416zm-33.2-243c-21.3 0-38.5-17.3-38.5-38.5S80.9 96 102.2 96c21.2 0 38.5 17.3 38.5 38.5 0 21.3-17.2 38.5-38.5 38.5zm282.1 243h-66.4V312c0-24.8-.5-56.7-34.5-56.7-34.6 0-39.9 27-39.9 54.9V416h-66.4V202.2h63.7v29.2h.9c8.9-16.8 30.6-34.5 62.9-34.5 67.2 0 79.7 44.3 79.7 101.9V416z\"><\/path><\/svg>\t\t\t\t\t<\/a>\n\t\t\t\t<\/span>\n\t\t\t\t\t\t\t<span class=\"elementor-grid-item\" role=\"listitem\">\n\t\t\t\t\t<a class=\"elementor-icon elementor-social-icon elementor-social-icon-x-twitter elementor-repeater-item-a0c29fd\" href=\"https:\/\/x.com\/VitalsToday\" target=\"_blank\" rel=\"\">\n\t\t\t\t\t\t<span class=\"elementor-screen-only\">X-twitter<\/span>\n\t\t\t\t\t\t<svg aria-hidden=\"true\" class=\"e-font-icon-svg e-fab-x-twitter\" viewbox=\"0 0 512 512\" xmlns=\"http:\/\/www.w3.org\/2000\/svg\"><path d=\"M389.2 48h70.6L305.6 224.2 487 464H345L233.7 318.6 106.5 464H35.8L200.7 275.5 26.8 48H172.4L272.9 180.9 389.2 48zM364.4 421.8h39.1L151.1 88h-42L364.4 421.8z\"><\/path><\/svg>\t\t\t\t\t<\/a>\n\t\t\t\t<\/span>\n\t\t\t\t\t\t\t<span class=\"elementor-grid-item\" role=\"listitem\">\n\t\t\t\t\t<a class=\"elementor-icon elementor-social-icon elementor-social-icon-facebook elementor-repeater-item-7932676\" href=\"https:\/\/www.facebook.com\/VitalsToday\/\" target=\"_blank\">\n\t\t\t\t\t\t<span class=\"elementor-screen-only\">Facebook<\/span>\n\t\t\t\t\t\t<svg aria-hidden=\"true\" class=\"e-font-icon-svg e-fab-facebook\" viewbox=\"0 0 512 512\" xmlns=\"http:\/\/www.w3.org\/2000\/svg\"><path d=\"M504 256C504 119 393 8 256 8S8 119 8 256c0 123.78 90.69 226.38 209.25 245V327.69h-63V256h63v-54.64c0-62.15 37-96.48 93.67-96.48 27.14 0 55.52 4.84 55.52 4.84v61h-31.28c-30.8 0-40.41 19.12-40.41 38.73V256h68.78l-11 71.69h-57.78V501C413.31 482.38 504 379.78 504 256z\"><\/path><\/svg>\t\t\t\t\t<\/a>\n\t\t\t\t<\/span>\n\t\t\t\t\t<\/div>\n\t\t\t\t\t\t<\/div>\n\t\t\t\t<\/div>\n\t\t\t\t\t<\/div>\n\t\t\t\t<\/div>\n\t\t<div class=\"elementor-element elementor-element-90ea7c2 e-flex e-con-boxed e-con e-parent\" data-id=\"90ea7c2\" data-element_type=\"container\" data-e-type=\"container\">\n\t\t\t\t\t<div class=\"e-con-inner\">\n\t\t\t\t\t<\/div>\n\t\t\t\t<\/div>\n\t\t\t\t<\/div>","protected":false},"excerpt":{"rendered":"<p>How to contact Vitals Today: Contact us via email or LinkedIn for suggestions or collaborations. Find also links to our social networks<\/p>","protected":false},"author":116057020,"featured_media":0,"parent":0,"menu_order":0,"comment_status":"closed","ping_status":"closed","template":"elementor_theme","meta":{"_stopmodifiedupdate":false,"_modified_date":"","jnews_page_loop":{"first_title":"Latest Post","header_type":"heading_6","layout":"right-sidebar","sidebar":"default-sidebar","second_sidebar":"default-sidebar","sticky_sidebar":"1","module":"3","excerpt_length":"20","content_date":"default","date_custom":"Y\/m\/d","content_pagination":"nav_1","pagination_align":"center","post_sticky":"0","post_offset":"0","posts_per_page":"5","sort_by":"latest"},"jnews_single_page":{"layout":"no-sidebar","sidebar":"default-sidebar","second_sidebar":"default-sidebar","sticky_sidebar":"1","show_post_title":"1","show_post_breadcrumbs":"1","show_post_featured":"1","share_position":"hide","share_color":"share-monocrhome"},"footnotes":""},"class_list":["post-426","page","type-page","status-publish","hentry"],"yoast_head":"<!-- This site is optimized with the Yoast SEO plugin v27.3 - https:\/\/yoast.com\/product\/yoast-seo-wordpress\/ -->\n<title>C\u00f3mo contactar con Vitals Today<\/title>\n<meta name=\"description\" content=\"Contacta con Vitals Today por email o LinkedIn para colaboraciones o sugerencias. Descubre tambi\u00e9n nuestras redes sociales\" \/>\n<meta name=\"robots\" content=\"index, follow, max-snippet:-1, max-image-preview:large, max-video-preview:-1\" \/>\n<link rel=\"canonical\" href=\"https:\/\/vitalstoday.com\/en\/contact\/\" \/>\n<meta property=\"og:locale\" content=\"en_US\" \/>\n<meta property=\"og:type\" content=\"article\" \/>\n<meta property=\"og:title\" content=\"C\u00f3mo contactar con Vitals Today\" \/>\n<meta property=\"og:description\" content=\"Contacta con Vitals Today por email o LinkedIn para colaboraciones o sugerencias. Descubre tambi\u00e9n nuestras redes sociales\" \/>\n<meta property=\"og:url\" content=\"https:\/\/vitalstoday.com\/en\/contact\/\" \/>\n<meta property=\"og:site_name\" content=\"Vitals Today\" \/>\n<meta property=\"article:publisher\" content=\"https:\/\/www.facebook.com\/VitalsToday\/\" \/>\n<meta property=\"article:modified_time\" content=\"2026-01-07T08:30:21+00:00\" \/>\n<meta name=\"twitter:card\" content=\"summary_large_image\" \/>\n<meta name=\"twitter:site\" content=\"@VitalsToday\" \/>\n<meta name=\"twitter:label1\" content=\"Est. reading time\" \/>\n\t<meta name=\"twitter:data1\" content=\"2 minutes\" \/>\n<script type=\"application\/ld+json\" class=\"yoast-schema-graph\">{\"@context\":\"https:\\\/\\\/schema.org\",\"@graph\":[{\"@type\":[\"WebPage\",\"ContactPage\"],\"@id\":\"https:\\\/\\\/vitalstoday.com\\\/contacto\\\/\",\"url\":\"https:\\\/\\\/vitalstoday.com\\\/contacto\\\/\",\"name\":\"C\u00f3mo contactar con Vitals Today\",\"isPartOf\":{\"@id\":\"https:\\\/\\\/vitalstoday.com\\\/#website\"},\"datePublished\":\"2024-11-05T16:39:42+00:00\",\"dateModified\":\"2026-01-07T08:30:21+00:00\",\"description\":\"Contacta con Vitals Today por email o LinkedIn para colaboraciones o sugerencias. Descubre tambi\u00e9n nuestras redes sociales\",\"inLanguage\":\"en-US\",\"potentialAction\":[{\"@type\":\"ReadAction\",\"target\":[\"https:\\\/\\\/vitalstoday.com\\\/contacto\\\/\"]}]},{\"@type\":\"WebSite\",\"@id\":\"https:\\\/\\\/vitalstoday.com\\\/#website\",\"url\":\"https:\\\/\\\/vitalstoday.com\\\/\",\"name\":\"Vitals Today\",\"description\":\"Tu gu\u00eda para entender los medicamentos y cuidar tu salud, est\u00e9s donde est\u00e9s\",\"publisher\":{\"@id\":\"https:\\\/\\\/vitalstoday.com\\\/#organization\"},\"alternateName\":\"VitalsToday\",\"potentialAction\":[{\"@type\":\"SearchAction\",\"target\":{\"@type\":\"EntryPoint\",\"urlTemplate\":\"https:\\\/\\\/vitalstoday.com\\\/?s={search_term_string}\"},\"query-input\":{\"@type\":\"PropertyValueSpecification\",\"valueRequired\":true,\"valueName\":\"search_term_string\"}}],\"inLanguage\":\"en-US\"},{\"@type\":\"Organization\",\"@id\":\"https:\\\/\\\/vitalstoday.com\\\/#organization\",\"name\":\"Vitals Today\",\"url\":\"https:\\\/\\\/vitalstoday.com\\\/\",\"logo\":{\"@type\":\"ImageObject\",\"inLanguage\":\"en-US\",\"@id\":\"https:\\\/\\\/vitalstoday.com\\\/#\\\/schema\\\/logo\\\/image\\\/\",\"url\":\"https:\\\/\\\/vitalstoday.com\\\/wp-content\\\/uploads\\\/VitalsToday_Green_Transparent_TextSame_512.png\",\"contentUrl\":\"https:\\\/\\\/vitalstoday.com\\\/wp-content\\\/uploads\\\/VitalsToday_Green_Transparent_TextSame_512.png\",\"width\":512,\"height\":512,\"caption\":\"Vitals Today\"},\"image\":{\"@id\":\"https:\\\/\\\/vitalstoday.com\\\/#\\\/schema\\\/logo\\\/image\\\/\"},\"sameAs\":[\"https:\\\/\\\/www.facebook.com\\\/VitalsToday\\\/\",\"https:\\\/\\\/x.com\\\/VitalsToday\",\"https:\\\/\\\/www.linkedin.com\\\/company\\\/vitals-today\",\"https:\\\/\\\/bsky.app\\\/profile\\\/vitalstoday.bsky.social\"]}]}<\/script>\n<!-- \/ Yoast SEO plugin. -->","yoast_head_json":{"title":"How to contact Vitals Today","description":"Contact Vitals Today via email or LinkedIn for collaborations or suggestions. Also discover our social networks","robots":{"index":"index","follow":"follow","max-snippet":"max-snippet:-1","max-image-preview":"max-image-preview:large","max-video-preview":"max-video-preview:-1"},"canonical":"https:\/\/vitalstoday.com\/en\/contact\/","og_locale":"en_US","og_type":"article","og_title":"C\u00f3mo contactar con Vitals Today","og_description":"Contacta con Vitals Today por email o LinkedIn para colaboraciones o sugerencias. Descubre tambi\u00e9n nuestras redes sociales","og_url":"https:\/\/vitalstoday.com\/en\/contact\/","og_site_name":"Vitals Today","article_publisher":"https:\/\/www.facebook.com\/VitalsToday\/","article_modified_time":"2026-01-07T08:30:21+00:00","twitter_card":"summary_large_image","twitter_site":"@VitalsToday","twitter_misc":{"Est. reading time":"2 minutes"},"schema":{"@context":"https:\/\/schema.org","@graph":[{"@type":["WebPage","ContactPage"],"@id":"https:\/\/vitalstoday.com\/contacto\/","url":"https:\/\/vitalstoday.com\/contacto\/","name":"How to contact Vitals Today","isPartOf":{"@id":"https:\/\/vitalstoday.com\/#website"},"datePublished":"2024-11-05T16:39:42+00:00","dateModified":"2026-01-07T08:30:21+00:00","description":"Contact Vitals Today via email or LinkedIn for collaborations or suggestions. Also discover our social networks","inLanguage":"en-US","potentialAction":[{"@type":"ReadAction","target":["https:\/\/vitalstoday.com\/contacto\/"]}]},{"@type":"WebSite","@id":"https:\/\/vitalstoday.com\/#website","url":"https:\/\/vitalstoday.com\/","name":"Vitals Today","description":"Your guide to understanding medications and taking care of your health, wherever you are","publisher":{"@id":"https:\/\/vitalstoday.com\/#organization"},"alternateName":"VitalsToday","potentialAction":[{"@type":"SearchAction","target":{"@type":"EntryPoint","urlTemplate":"https:\/\/vitalstoday.com\/?s={search_term_string}"},"query-input":{"@type":"PropertyValueSpecification","valueRequired":true,"valueName":"search_term_string"}}],"inLanguage":"en-US"},{"@type":"Organization","@id":"https:\/\/vitalstoday.com\/#organization","name":"Vitals Today","url":"https:\/\/vitalstoday.com\/","logo":{"@type":"ImageObject","inLanguage":"en-US","@id":"https:\/\/vitalstoday.com\/#\/schema\/logo\/image\/","url":"https:\/\/vitalstoday.com\/wp-content\/uploads\/VitalsToday_Green_Transparent_TextSame_512.png","contentUrl":"https:\/\/vitalstoday.com\/wp-content\/uploads\/VitalsToday_Green_Transparent_TextSame_512.png","width":512,"height":512,"caption":"Vitals Today"},"image":{"@id":"https:\/\/vitalstoday.com\/#\/schema\/logo\/image\/"},"sameAs":["https:\/\/www.facebook.com\/VitalsToday\/","https:\/\/x.com\/VitalsToday","https:\/\/www.linkedin.com\/company\/vitals-today","https:\/\/bsky.app\/profile\/vitalstoday.bsky.social"]}]}},"jetpack_sharing_enabled":true,"_links":{"self":[{"href":"https:\/\/vitalstoday.com\/en\/wp-json\/wp\/v2\/pages\/426","targetHints":{"allow":["GET"]}}],"collection":[{"href":"https:\/\/vitalstoday.com\/en\/wp-json\/wp\/v2\/pages"}],"about":[{"href":"https:\/\/vitalstoday.com\/en\/wp-json\/wp\/v2\/types\/page"}],"author":[{"embeddable":true,"href":"https:\/\/vitalstoday.com\/en\/wp-json\/wp\/v2\/users\/116057020"}],"replies":[{"embeddable":true,"href":"https:\/\/vitalstoday.com\/en\/wp-json\/wp\/v2\/comments?post=426"}],"version-history":[{"count":103,"href":"https:\/\/vitalstoday.com\/en\/wp-json\/wp\/v2\/pages\/426\/revisions"}],"predecessor-version":[{"id":4451,"href":"https:\/\/vitalstoday.com\/en\/wp-json\/wp\/v2\/pages\/426\/revisions\/4451"}],"wp:attachment":[{"href":"https:\/\/vitalstoday.com\/en\/wp-json\/wp\/v2\/media?parent=426"}],"curies":[{"name":"wp","href":"https:\/\/api.w.org\/{rel}","templated":true}]}}