{"id":488,"date":"2024-11-05T19:50:46","date_gmt":"2024-11-05T18:50:46","guid":{"rendered":"https:\/\/prjxgjwpoh.onrocket.site\/?page_id=488"},"modified":"2024-11-11T16:37:35","modified_gmt":"2024-11-11T15:37:35","slug":"privacy-policy","status":"publish","type":"page","link":"https:\/\/vitalstoday.com\/en\/politica-de-privacidad\/","title":{"rendered":"Privacy Policy"},"content":{"rendered":"<div data-elementor-type=\"wp-page\" data-elementor-id=\"488\" class=\"elementor elementor-488\">\n\t\t\t\t<div class=\"elementor-element elementor-element-32031db3 e-flex e-con-boxed e-con e-parent\" data-id=\"32031db3\" data-element_type=\"container\" data-e-type=\"container\">\n\t\t\t\t\t<div class=\"e-con-inner\">\n\t\t\t\t<div class=\"elementor-element elementor-element-1f5453c elementor-widget elementor-widget-text-editor\" data-id=\"1f5453c\" data-element_type=\"widget\" data-e-type=\"widget\" data-widget_type=\"text-editor.default\">\n\t\t\t\t<div class=\"elementor-widget-container\">\n\t\t\t\t\t\t\t\t\t<p><\/p>\n<div style=\"color: #252525; font-family: 'Roboto Slab', serif; font-size: 15px; font-style: normal; font-variant-ligatures: normal; font-variant-caps: normal; font-weight: 400;\">\n<h1 style=\"margin-top: 6px; margin-bottom: 6px; font-size: 30px; font-weight: 600; line-height: normal; color: #252525;\">Privacy Policy<\/h1>\n<\/div>\n<h5><b>1. Identification of the Website Owner<\/b><\/h5>\n<p>This website, <strong>VitalsToday.com<\/strong> (hereinafter, the &quot;Website&quot;), is managed by <strong>Basim Al-Rosan<\/strong>You can contact us via email:&nbsp;<a style=\"font-family: Roboto, sans-serif; font-size: 14px; font-style: normal; font-variant-ligatures: normal; font-variant-caps: normal; font-weight: 400; text-align: var(--text-align);\" rel=\"noopener\">contact@vitalstoday.com<\/a><\/p>\n<h5><b>2. Objective of the Privacy Policy<\/b><\/h5>\n<p>The purpose of this Privacy Policy is to inform users about the collection, use and protection of their personal data through the Website, guaranteeing their privacy and the right to the protection of their data.<\/p>\n<h5><b>3. Personal Data Collected<\/b><\/h5>\n<ul>\n<li>On the Website, we may collect the following types of personal data:<\/li>\n<li><span style=\"text-align: var(--text-align);\">\u2013 Contact information (name, email address, etc.) when you subscribe to our newsletter or otherwise contact us.<\/span><\/li>\n<li><span style=\"text-align: var(--text-align);\">\u2013 Usage and navigation data, which is collected automatically through cookies and other tracking technologies.<\/span><\/li>\n<\/ul>\n<h5 style=\"box-sizing: border-box; margin: 1.25em 0px 0.5em; padding: 0px; border: 0px; font-style: normal; font-variant-ligatures: normal; font-variant-caps: normal; font-variant-numeric: inherit; font-variant-east-asian: inherit; font-variant-alternates: inherit; font-variant-position: inherit; font-weight: inherit; font-stretch: inherit; font-size: 1.1em; line-height: 1.6; font-family: Roboto, sans-serif; font-optical-sizing: inherit; font-size-adjust: inherit; font-kerning: inherit; font-feature-settings: inherit; font-variation-settings: inherit; vertical-align: baseline; color: #0d1317; text-rendering: optimizelegibility; letter-spacing: normal; orphans: 2; text-align: start; text-indent: 0px; text-transform: none; widows: 2; word-spacing: 0px; -webkit-text-stroke-width: 0px; white-space: normal; background-color: #ffffff; text-decoration-thickness: initial; text-decoration-style: initial; text-decoration-color: initial;\"><b style=\"box-sizing: border-box; margin: 0px; padding: 0px; border: 0px; font-style: inherit; font-variant: inherit; font-weight: bold; font-stretch: inherit; font-size: inherit; line-height: inherit; font-family: inherit; font-optical-sizing: inherit; font-size-adjust: inherit; font-kerning: inherit; font-feature-settings: inherit; font-variation-settings: inherit; vertical-align: baseline;\">4. Purposes of Data Processing<\/b><\/h5>\n<ul>\n<li><span style=\"color: var( --e-global-color-text ); text-align: var(--text-align);\">The personal data collected will be used for the following purposes:<\/span><\/li>\n<li><span style=\"color: var( --e-global-color-text ); text-align: var(--text-align);\">\u2013 Manage and respond to user queries and requests.<\/span><\/li>\n<li><span style=\"color: var( --e-global-color-text ); text-align: var(--text-align);\">\u2013 Send information about the healthcare sector and news from the Website to users who subscribe to our newsletter.<\/span><\/li>\n<li><span style=\"color: var( --e-global-color-text ); text-align: var(--text-align);\">\u2013 Improve our services and user experience through data analysis.<\/span><\/li>\n<\/ul>\n<h5><b>5. Legal Basis for Data Processing<\/b><\/h5>\n<p>The processing of personal data is based on the user&#039;s consent, which may be withdrawn at any time, as well as on the need to comply with legal and\/or contractual obligations.<\/p>\n<h5><b>6. Recipients of the Data<\/b><\/h5>\n<p>We will not share users&#039; personal data with third parties, unless it is necessary to comply with legal obligations or with your express consent. However, we may use third-party services to analyze the use of the Website (such as Google Analytics)<\/p><ul>\n<li><h5 style=\"font-style: normal; font-variant-ligatures: normal; font-variant-caps: normal; font-family: Roboto, sans-serif;\"><span style=\"font-weight: 700;\">7. User Rights<\/span><\/h5><\/li><li>Users have the right to:<\/li>\n<li><span style=\"color: var( --e-global-color-text ); text-align: var(--text-align);\">\u2013 Access your personal data.<\/span><\/li>\n<\/ul>\n<ul>\n<li><span style=\"color: var( --e-global-color-text ); text-align: var(--text-align);\">\u2013 Request rectification of inaccurate or incomplete data.<\/span><\/li>\n<\/ul>\n<ul>\n<li><span style=\"color: var( --e-global-color-text ); text-align: var(--text-align);\">\u2013 Request the deletion of your personal data.<\/span><\/li>\n<\/ul>\n<ul>\n<li><span style=\"color: var( --e-global-color-text ); text-align: var(--text-align);\">\u2013 Object to the processing of your data.<\/span><\/li>\n<\/ul>\n<ul>\n<li><span style=\"color: var( --e-global-color-text ); text-align: var(--text-align);\">\u2013 Request the limitation of the processing of your data.<\/span><\/li>\n<\/ul>\n<ul>\n<li><span style=\"color: var( --e-global-color-text ); text-align: var(--text-align);\">\u2013 Request the portability of your data.<\/span><\/li>\n<li><span style=\"color: var( --e-global-color-text ); text-align: var(--text-align);\">&nbsp;<\/span><\/li>\n<\/ul>\n<ul>\n<li>To exercise these rights, you can contact us by email: <a style=\"text-align: var(--text-align);\" rel=\"noopener\">contact@vitalstoday.com<\/a><\/li>\n<\/ul>\n<h5><b>8. Data Security<\/b><\/h5>\n<p>We implement appropriate security measures to protect users&#039; personal data and prevent unauthorized access, alteration or disclosure thereof.<\/p>\n<h5><b>9. Changes to the Privacy Policy<\/b><\/h5>\n<p>We reserve the right to modify this Privacy Policy at any time. Any changes will be posted on this page and users are advised to periodically review the policy to stay informed of any updates.<\/p>\n<h5><b>10. Contact<\/b><\/h5>\n<p>If you have any questions or concerns about our Privacy Policy, please feel free to contact us via email:&nbsp;<a style=\"font-family: Roboto, sans-serif; font-size: 14px; font-style: normal; font-variant-ligatures: normal; font-variant-caps: normal; font-weight: 400; text-align: var(--text-align);\" rel=\"noopener\">contact@vitalstoday.com<\/a><\/p>\n<p><\/p>\n<p><\/p>\n<p><\/p>\n<p><\/p>\n<p><\/p>\t\t\t\t\t\t\t\t<\/div>\n\t\t\t\t<\/div>\n\t\t\t\t\t<\/div>\n\t\t\t\t<\/div>\n\t\t\t\t<\/div>","protected":false},"excerpt":{"rendered":"<p>Pol\u00edtica de Privacidad 1. Identificaci\u00f3n del Titular del Sitio Web El presente sitio web, VitalsToday.com (en adelante, el \u00abSitio Web\u00bb), es administrado por Basim Al-Rosan. Puede ponerse en contacto con nosotros a trav\u00e9s del correo electr\u00f3nico:&nbsp;contact@vitalstoday.com 2. Objetivo de la Pol\u00edtica de Privacidad La presente Pol\u00edtica de Privacidad tiene como objetivo informar a los usuarios [&hellip;]<\/p>\n","protected":false},"author":116057020,"featured_media":0,"parent":0,"menu_order":0,"comment_status":"closed","ping_status":"closed","template":"elementor_header_footer","meta":{"_stopmodifiedupdate":false,"_modified_date":"","jnews_page_loop":{"first_title":"Latest Post","header_type":"heading_6","layout":"right-sidebar","sidebar":"default-sidebar","second_sidebar":"default-sidebar","sticky_sidebar":"1","module":"3","excerpt_length":"20","content_date":"default","date_custom":"Y\/m\/d","content_pagination":"nav_1","pagination_align":"center","post_sticky":"0","post_offset":"0","posts_per_page":"5","sort_by":"latest"},"jnews_single_page":{"layout":"right-sidebar-narrow","sidebar":"default-sidebar","second_sidebar":"default-sidebar","sticky_sidebar":"1","show_post_title":"1","show_post_breadcrumbs":"1","show_post_featured":"0","share_position":"hide","share_color":"share-monocrhome"},"footnotes":""},"class_list":["post-488","page","type-page","status-publish","hentry"],"yoast_head":"<!-- This site is optimized with the Yoast SEO plugin v27.3 - https:\/\/yoast.com\/product\/yoast-seo-wordpress\/ -->\n<title>Pol\u00edtica de Privacidad | Vitals Today<\/title>\n<meta name=\"description\" content=\"Pol\u00edtica de Privacidad de Vitals Today: protegemos tus datos personales, respetamos tus derechos y cumplimos con las normativas de privacidad vigentes\" \/>\n<meta name=\"robots\" content=\"index, follow, max-snippet:-1, max-image-preview:large, max-video-preview:-1\" \/>\n<link rel=\"canonical\" href=\"https:\/\/vitalstoday.com\/en\/privacy-policy\/\" \/>\n<meta property=\"og:locale\" content=\"en_US\" \/>\n<meta property=\"og:type\" content=\"article\" \/>\n<meta property=\"og:title\" content=\"Pol\u00edtica de Privacidad | Vitals Today\" \/>\n<meta property=\"og:description\" content=\"Pol\u00edtica de Privacidad de Vitals Today: protegemos tus datos personales, respetamos tus derechos y cumplimos con las normativas de privacidad vigentes\" \/>\n<meta property=\"og:url\" content=\"https:\/\/vitalstoday.com\/en\/privacy-policy\/\" \/>\n<meta property=\"og:site_name\" content=\"Vitals Today\" \/>\n<meta property=\"article:publisher\" content=\"https:\/\/www.facebook.com\/VitalsToday\/\" \/>\n<meta property=\"article:modified_time\" content=\"2024-11-11T15:37:35+00:00\" \/>\n<meta name=\"twitter:card\" content=\"summary_large_image\" \/>\n<meta name=\"twitter:site\" content=\"@VitalsToday\" \/>\n<meta name=\"twitter:label1\" content=\"Est. reading time\" \/>\n\t<meta name=\"twitter:data1\" content=\"3 minutes\" \/>\n<script type=\"application\/ld+json\" class=\"yoast-schema-graph\">{\"@context\":\"https:\\\/\\\/schema.org\",\"@graph\":[{\"@type\":\"WebPage\",\"@id\":\"https:\\\/\\\/vitalstoday.com\\\/politica-de-privacidad\\\/\",\"url\":\"https:\\\/\\\/vitalstoday.com\\\/politica-de-privacidad\\\/\",\"name\":\"Pol\u00edtica de Privacidad | Vitals Today\",\"isPartOf\":{\"@id\":\"https:\\\/\\\/vitalstoday.com\\\/#website\"},\"datePublished\":\"2024-11-05T18:50:46+00:00\",\"dateModified\":\"2024-11-11T15:37:35+00:00\",\"description\":\"Pol\u00edtica de Privacidad de Vitals Today: protegemos tus datos personales, respetamos tus derechos y cumplimos con las normativas de privacidad vigentes\",\"inLanguage\":\"en-US\",\"potentialAction\":[{\"@type\":\"ReadAction\",\"target\":[\"https:\\\/\\\/vitalstoday.com\\\/politica-de-privacidad\\\/\"]}]},{\"@type\":\"WebSite\",\"@id\":\"https:\\\/\\\/vitalstoday.com\\\/#website\",\"url\":\"https:\\\/\\\/vitalstoday.com\\\/\",\"name\":\"Vitals Today\",\"description\":\"Tu gu\u00eda para entender los medicamentos y cuidar tu salud, est\u00e9s donde est\u00e9s\",\"publisher\":{\"@id\":\"https:\\\/\\\/vitalstoday.com\\\/#organization\"},\"alternateName\":\"VitalsToday\",\"potentialAction\":[{\"@type\":\"SearchAction\",\"target\":{\"@type\":\"EntryPoint\",\"urlTemplate\":\"https:\\\/\\\/vitalstoday.com\\\/?s={search_term_string}\"},\"query-input\":{\"@type\":\"PropertyValueSpecification\",\"valueRequired\":true,\"valueName\":\"search_term_string\"}}],\"inLanguage\":\"en-US\"},{\"@type\":\"Organization\",\"@id\":\"https:\\\/\\\/vitalstoday.com\\\/#organization\",\"name\":\"Vitals Today\",\"url\":\"https:\\\/\\\/vitalstoday.com\\\/\",\"logo\":{\"@type\":\"ImageObject\",\"inLanguage\":\"en-US\",\"@id\":\"https:\\\/\\\/vitalstoday.com\\\/#\\\/schema\\\/logo\\\/image\\\/\",\"url\":\"https:\\\/\\\/vitalstoday.com\\\/wp-content\\\/uploads\\\/VitalsToday_Green_Transparent_TextSame_512.png\",\"contentUrl\":\"https:\\\/\\\/vitalstoday.com\\\/wp-content\\\/uploads\\\/VitalsToday_Green_Transparent_TextSame_512.png\",\"width\":512,\"height\":512,\"caption\":\"Vitals Today\"},\"image\":{\"@id\":\"https:\\\/\\\/vitalstoday.com\\\/#\\\/schema\\\/logo\\\/image\\\/\"},\"sameAs\":[\"https:\\\/\\\/www.facebook.com\\\/VitalsToday\\\/\",\"https:\\\/\\\/x.com\\\/VitalsToday\",\"https:\\\/\\\/www.linkedin.com\\\/company\\\/vitals-today\",\"https:\\\/\\\/bsky.app\\\/profile\\\/vitalstoday.bsky.social\"]}]}<\/script>\n<!-- \/ Yoast SEO plugin. -->","yoast_head_json":{"title":"Privacy Policy | Vitals Today","description":"Vitals Today Privacy Policy: We protect your personal data, respect your rights and comply with applicable privacy regulations","robots":{"index":"index","follow":"follow","max-snippet":"max-snippet:-1","max-image-preview":"max-image-preview:large","max-video-preview":"max-video-preview:-1"},"canonical":"https:\/\/vitalstoday.com\/en\/privacy-policy\/","og_locale":"en_US","og_type":"article","og_title":"Pol\u00edtica de Privacidad | Vitals Today","og_description":"Pol\u00edtica de Privacidad de Vitals Today: protegemos tus datos personales, respetamos tus derechos y cumplimos con las normativas de privacidad vigentes","og_url":"https:\/\/vitalstoday.com\/en\/privacy-policy\/","og_site_name":"Vitals Today","article_publisher":"https:\/\/www.facebook.com\/VitalsToday\/","article_modified_time":"2024-11-11T15:37:35+00:00","twitter_card":"summary_large_image","twitter_site":"@VitalsToday","twitter_misc":{"Est. reading time":"3 minutes"},"schema":{"@context":"https:\/\/schema.org","@graph":[{"@type":"WebPage","@id":"https:\/\/vitalstoday.com\/politica-de-privacidad\/","url":"https:\/\/vitalstoday.com\/politica-de-privacidad\/","name":"Privacy Policy | Vitals Today","isPartOf":{"@id":"https:\/\/vitalstoday.com\/#website"},"datePublished":"2024-11-05T18:50:46+00:00","dateModified":"2024-11-11T15:37:35+00:00","description":"Vitals Today Privacy Policy: We protect your personal data, respect your rights and comply with applicable privacy regulations","inLanguage":"en-US","potentialAction":[{"@type":"ReadAction","target":["https:\/\/vitalstoday.com\/politica-de-privacidad\/"]}]},{"@type":"WebSite","@id":"https:\/\/vitalstoday.com\/#website","url":"https:\/\/vitalstoday.com\/","name":"Vitals Today","description":"Your guide to understanding medications and taking care of your health, wherever you are","publisher":{"@id":"https:\/\/vitalstoday.com\/#organization"},"alternateName":"VitalsToday","potentialAction":[{"@type":"SearchAction","target":{"@type":"EntryPoint","urlTemplate":"https:\/\/vitalstoday.com\/?s={search_term_string}"},"query-input":{"@type":"PropertyValueSpecification","valueRequired":true,"valueName":"search_term_string"}}],"inLanguage":"en-US"},{"@type":"Organization","@id":"https:\/\/vitalstoday.com\/#organization","name":"Vitals Today","url":"https:\/\/vitalstoday.com\/","logo":{"@type":"ImageObject","inLanguage":"en-US","@id":"https:\/\/vitalstoday.com\/#\/schema\/logo\/image\/","url":"https:\/\/vitalstoday.com\/wp-content\/uploads\/VitalsToday_Green_Transparent_TextSame_512.png","contentUrl":"https:\/\/vitalstoday.com\/wp-content\/uploads\/VitalsToday_Green_Transparent_TextSame_512.png","width":512,"height":512,"caption":"Vitals Today"},"image":{"@id":"https:\/\/vitalstoday.com\/#\/schema\/logo\/image\/"},"sameAs":["https:\/\/www.facebook.com\/VitalsToday\/","https:\/\/x.com\/VitalsToday","https:\/\/www.linkedin.com\/company\/vitals-today","https:\/\/bsky.app\/profile\/vitalstoday.bsky.social"]}]}},"jetpack_sharing_enabled":true,"_links":{"self":[{"href":"https:\/\/vitalstoday.com\/en\/wp-json\/wp\/v2\/pages\/488","targetHints":{"allow":["GET"]}}],"collection":[{"href":"https:\/\/vitalstoday.com\/en\/wp-json\/wp\/v2\/pages"}],"about":[{"href":"https:\/\/vitalstoday.com\/en\/wp-json\/wp\/v2\/types\/page"}],"author":[{"embeddable":true,"href":"https:\/\/vitalstoday.com\/en\/wp-json\/wp\/v2\/users\/116057020"}],"replies":[{"embeddable":true,"href":"https:\/\/vitalstoday.com\/en\/wp-json\/wp\/v2\/comments?post=488"}],"version-history":[{"count":47,"href":"https:\/\/vitalstoday.com\/en\/wp-json\/wp\/v2\/pages\/488\/revisions"}],"predecessor-version":[{"id":1104,"href":"https:\/\/vitalstoday.com\/en\/wp-json\/wp\/v2\/pages\/488\/revisions\/1104"}],"wp:attachment":[{"href":"https:\/\/vitalstoday.com\/en\/wp-json\/wp\/v2\/media?parent=488"}],"curies":[{"name":"wp","href":"https:\/\/api.w.org\/{rel}","templated":true}]}}