{"id":426,"date":"2024-11-05T17:39:42","date_gmt":"2024-11-05T16:39:42","guid":{"rendered":"https:\/\/prjxgjwpoh.onrocket.site\/?page_id=426"},"modified":"2026-01-07T09:30:21","modified_gmt":"2026-01-07T08:30:21","slug":"contact","status":"publish","type":"page","link":"https:\/\/vitalstoday.com\/fr\/contacto\/","title":{"rendered":"Contact"},"content":{"rendered":"<div data-elementor-type=\"wp-page\" data-elementor-id=\"426\" class=\"elementor elementor-426\">\n\t\t\t\t<div class=\"elementor-element elementor-element-6aa982a2 e-flex e-con-boxed e-con e-parent\" data-id=\"6aa982a2\" data-element_type=\"container\" data-e-type=\"container\">\n\t\t\t\t\t<div class=\"e-con-inner\">\n\t\t\t\t<div class=\"elementor-element elementor-element-80af6ed elementor-widget elementor-widget-heading\" data-id=\"80af6ed\" data-element_type=\"widget\" data-e-type=\"widget\" data-widget_type=\"heading.default\">\n\t\t\t\t<div class=\"elementor-widget-container\">\n\t\t\t\t\t<h2 class=\"elementor-heading-title elementor-size-default\"><span style=\"font-size: 27.342px\">Comment contacter Vitals Today ?<\/span><span style=\"color: var( --e-global-color-primary );font-family: var( --e-global-typography-primary-font-family ), Sans-serif;font-size: 1.953em;font-weight: var( --e-global-typography-primary-font-weight );text-align: var(--text-align)\"><\/span><\/h2>\t\t\t\t<\/div>\n\t\t\t\t<\/div>\n\t\t\t\t<div class=\"elementor-element elementor-element-ec1133c elementor-widget elementor-widget-text-editor\" data-id=\"ec1133c\" data-element_type=\"widget\" data-e-type=\"widget\" data-widget_type=\"text-editor.default\">\n\t\t\t\t<div class=\"elementor-widget-container\">\n\t\t\t\t\t\t\t\t\t<p>Nous serions ravis d&#039;\u00e9changer avec vous et sommes toujours ouverts \u00e0 de nouvelles collaborations. Vous pouvez nous contacter directement par courriel ou via notre page LinkedIn\u00a0:<\/p>\n<ul>\n<li>contact@vitalstoday.com<\/li>\n<li><a href=\"https:\/\/www.linkedin.com\/company\/vitalstoday\/\">Page LinkedIn<\/a><\/li>\n<\/ul>\t\t\t\t\t\t\t\t<\/div>\n\t\t\t\t<\/div>\n\t\t\t\t<div class=\"elementor-element elementor-element-275fdc9 elementor-widget-divider--view-line elementor-widget elementor-widget-divider\" data-id=\"275fdc9\" data-element_type=\"widget\" data-e-type=\"widget\" data-widget_type=\"divider.default\">\n\t\t\t\t<div class=\"elementor-widget-container\">\n\t\t\t\t\t\t\t<div class=\"elementor-divider\">\n\t\t\t<span class=\"elementor-divider-separator\">\n\t\t\t\t\t\t<\/span>\n\t\t<\/div>\n\t\t\t\t\t\t<\/div>\n\t\t\t\t<\/div>\n\t\t\t\t<div class=\"elementor-element elementor-element-b6c438f elementor-widget elementor-widget-heading\" data-id=\"b6c438f\" data-element_type=\"widget\" data-e-type=\"widget\" data-widget_type=\"heading.default\">\n\t\t\t\t<div class=\"elementor-widget-container\">\n\t\t\t\t\t<h2 class=\"elementor-heading-title elementor-size-default\"><span style=\"font-size: 27.342px\">Pourquoi contacter Vitals Today ?<\/span><span style=\"color: var( --e-global-color-primary );font-family: var( --e-global-typography-primary-font-family ), Sans-serif;font-size: 1.953em;font-weight: var( --e-global-typography-primary-font-weight );text-align: var(--text-align)\"><\/span><\/h2>\t\t\t\t<\/div>\n\t\t\t\t<\/div>\n\t\t\t\t<div class=\"elementor-element elementor-element-e5c2aad elementor-widget elementor-widget-heading\" data-id=\"e5c2aad\" data-element_type=\"widget\" data-e-type=\"widget\" data-widget_type=\"heading.default\">\n\t\t\t\t<div class=\"elementor-widget-container\">\n\t\t\t\t\t<h3 class=\"elementor-heading-title elementor-size-default\"><span style=\"font-size: 21.882px\">Commentaires et suggestions<\/span><span style=\"color: var( --e-global-color-primary );font-family: var( --e-global-typography-primary-font-family ), Sans-serif;font-size: 1.563em;font-weight: var( --e-global-typography-primary-font-weight );text-align: var(--text-align)\"><\/span><\/h3>\t\t\t\t<\/div>\n\t\t\t\t<\/div>\n\t\t\t\t<div class=\"elementor-element elementor-element-3b1acd5 elementor-widget elementor-widget-text-editor\" data-id=\"3b1acd5\" data-element_type=\"widget\" data-e-type=\"widget\" data-widget_type=\"text-editor.default\">\n\t\t\t\t<div class=\"elementor-widget-container\">\n\t\t\t\t\t\t\t\t\t<p>Chez Vitals Today, nous avons \u00e0 c\u0153ur de cr\u00e9er un contenu pertinent et utile pour nos lecteurs. Nous nous engageons \u00e0 une am\u00e9lioration continue, et vos commentaires sont essentiels pour y parvenir. N&#039;h\u00e9sitez pas \u00e0 nous contacter via\u00a0:<\/p><ul><li><b>Suggestions de contenu<\/b>N&#039;h\u00e9sitez pas \u00e0 nous faire part des sujets, tendances ou domaines sp\u00e9cifiques du secteur de la sant\u00e9 que vous souhaiteriez voir abord\u00e9s sur notre plateforme. Nous sommes \u00e9galement ouverts \u00e0 vos suggestions pour enrichir nos articles et ressources.<\/li><li><b>Id\u00e9es de nouveaux sujets<\/b>Avez-vous des id\u00e9es novatrices sur des sujets importants que nous devrions aborder\u00a0? Nous serions ravis d&#039;entendre vos suggestions\u00a0!<\/li><li><b>Commentaires g\u00e9n\u00e9raux<\/b>Vos commentaires sur notre site web, son design ou votre exp\u00e9rience globale de navigation sur Vitals Today sont toujours les bienvenus. Chaque avis compte et nous aide \u00e0 nous am\u00e9liorer\u00a0!<\/li><\/ul>\t\t\t\t\t\t\t\t<\/div>\n\t\t\t\t<\/div>\n\t\t\t\t<div class=\"elementor-element elementor-element-313b51d elementor-widget elementor-widget-heading\" data-id=\"313b51d\" data-element_type=\"widget\" data-e-type=\"widget\" data-widget_type=\"heading.default\">\n\t\t\t\t<div class=\"elementor-widget-container\">\n\t\t\t\t\t<h3 class=\"elementor-heading-title elementor-size-default\"><span style=\"font-size: 21.882px\">Publicit\u00e9 et collaborations<\/span><span style=\"color: var( --e-global-color-primary );font-family: var( --e-global-typography-primary-font-family ), Sans-serif;font-size: 1.563em;font-weight: var( --e-global-typography-primary-font-weight );text-align: var(--text-align)\"><\/span><\/h3>\t\t\t\t<\/div>\n\t\t\t\t<\/div>\n\t\t\t\t<div class=\"elementor-element elementor-element-d1b8e40 elementor-widget elementor-widget-text-editor\" data-id=\"d1b8e40\" data-element_type=\"widget\" data-e-type=\"widget\" data-widget_type=\"text-editor.default\">\n\t\t\t\t<div class=\"elementor-widget-container\">\n\t\t\t\t\t\t\t\t\t<ul>\n<li><b>Publicit\u00e9<\/b>Si vous souhaitez promouvoir votre marque sur une plateforme sp\u00e9cialis\u00e9e dans le secteur de la sant\u00e9 et de l&#039;industrie pharmaceutique, nous sommes l\u00e0 pour vous aider. Nous serions ravis d&#039;\u00e9changer avec vous sur les opportunit\u00e9s de publicit\u00e9 et de sponsoring afin de mettre votre marque en relation avec notre audience.<\/li>\n<li><b>Collaborations<\/b>Nous croyons fermement au pouvoir des partenariats. Travaillons ensemble pour cr\u00e9er un contenu pertinent et utile \u00e0 nos publics.<\/li>\n<li><b>\u00c9v\u00e9nements<\/b>Vous organisez un \u00e9v\u00e9nement ou une campagne \u00e0 venir et vous souhaitez la promouvoir\u00a0? Nous pouvons vous aider \u00e0 la promouvoir sur nos r\u00e9seaux sociaux et sur notre site web. <a href=\"https:\/\/vitalstoday.com\/fr\/etiqueter\/eventos\/\">couverture de l&#039;\u00e9v\u00e9nement<\/a>.<\/li>\n<li><b>Planifiez un entretien<\/b>Mettez en valeur votre entreprise ou vos projets gr\u00e2ce \u00e0 une interview \u00e9crite ou audiovisuelle (en collaboration avec&nbsp;<a href=\"https:\/\/www.youtube.com\/@puntociegooficial\">angle mort<\/a>C&#039;est l&#039;occasion de partager vos r\u00e9ussites et de nouer des liens avec notre communaut\u00e9.<\/li>\n<\/ul>\t\t\t\t\t\t\t\t<\/div>\n\t\t\t\t<\/div>\n\t\t\t\t<div class=\"elementor-element elementor-element-5460dd6 elementor-widget elementor-widget-heading\" data-id=\"5460dd6\" data-element_type=\"widget\" data-e-type=\"widget\" data-widget_type=\"heading.default\">\n\t\t\t\t<div class=\"elementor-widget-container\">\n\t\t\t\t\t<h3 class=\"elementor-heading-title elementor-size-default\">Renseignements g\u00e9n\u00e9raux<\/h3>\t\t\t\t<\/div>\n\t\t\t\t<\/div>\n\t\t\t\t<div class=\"elementor-element elementor-element-0c2aeb1 elementor-widget elementor-widget-text-editor\" data-id=\"0c2aeb1\" data-element_type=\"widget\" data-e-type=\"widget\" data-widget_type=\"text-editor.default\">\n\t\t\t\t<div class=\"elementor-widget-container\">\n\t\t\t\t\t\t\t\t\t<p>Pour toute autre question ou proposition, n&#039;h\u00e9sitez pas \u00e0 nous contacter. Nous serions ravis d&#039;\u00e9changer avec vous et d&#039;explorer ensemble de nouvelles opportunit\u00e9s\u00a0!<\/p><p>Vous souhaitez en savoir plus sur notre \u00e9quipe et notre mission\u00a0? D\u00e9couvrez Vitals Today sur notre site web. <a href=\"https:\/\/vitalstoday.com\/fr\/qui-nous-sommes\/\">\u00c0 propos de nous<\/a><\/p>\t\t\t\t\t\t\t\t<\/div>\n\t\t\t\t<\/div>\n\t\t\t\t<div class=\"elementor-element elementor-element-63b3d87 elementor-widget-divider--view-line elementor-widget elementor-widget-divider\" data-id=\"63b3d87\" data-element_type=\"widget\" data-e-type=\"widget\" data-widget_type=\"divider.default\">\n\t\t\t\t<div class=\"elementor-widget-container\">\n\t\t\t\t\t\t\t<div class=\"elementor-divider\">\n\t\t\t<span class=\"elementor-divider-separator\">\n\t\t\t\t\t\t<\/span>\n\t\t<\/div>\n\t\t\t\t\t\t<\/div>\n\t\t\t\t<\/div>\n\t\t\t\t<div class=\"elementor-element elementor-element-eef2c10 elementor-widget elementor-widget-heading\" data-id=\"eef2c10\" data-element_type=\"widget\" data-e-type=\"widget\" data-widget_type=\"heading.default\">\n\t\t\t\t<div class=\"elementor-widget-container\">\n\t\t\t\t\t<h2 class=\"elementor-heading-title elementor-size-default\">Suivez-nous sur les r\u00e9seaux sociaux<\/h2>\t\t\t\t<\/div>\n\t\t\t\t<\/div>\n\t\t\t\t<div class=\"elementor-element elementor-element-6022fbd elementor-widget elementor-widget-text-editor\" data-id=\"6022fbd\" data-element_type=\"widget\" data-e-type=\"widget\" data-widget_type=\"text-editor.default\">\n\t\t\t\t<div class=\"elementor-widget-container\">\n\t\t\t\t\t\t\t\t\t<p>Vous pouvez \u00e9galement nous suivre sur vos r\u00e9seaux sociaux pr\u00e9f\u00e9r\u00e9s pour rester inform\u00e9(e) des derni\u00e8res actualit\u00e9s.<\/p>\t\t\t\t\t\t\t\t<\/div>\n\t\t\t\t<\/div>\n\t\t\t\t<div class=\"elementor-element elementor-element-65a5024 elementor-shape-rounded elementor-grid-0 e-grid-align-center elementor-widget elementor-widget-social-icons\" data-id=\"65a5024\" data-element_type=\"widget\" data-e-type=\"widget\" data-widget_type=\"social-icons.default\">\n\t\t\t\t<div class=\"elementor-widget-container\">\n\t\t\t\t\t\t\t<div class=\"elementor-social-icons-wrapper elementor-grid\" role=\"list\">\n\t\t\t\t\t\t\t<span class=\"elementor-grid-item\" role=\"listitem\">\n\t\t\t\t\t<a class=\"elementor-icon elementor-social-icon elementor-social-icon-linkedin elementor-repeater-item-4f59680\" href=\"https:\/\/www.linkedin.com\/company\/vitals-today\/\" target=\"_blank\" rel=\"\">\n\t\t\t\t\t\t<span class=\"elementor-screen-only\">LinkedIn<\/span>\n\t\t\t\t\t\t<svg aria-hidden=\"true\" class=\"e-font-icon-svg e-fab-linkedin\" viewbox=\"0 0 448 512\" xmlns=\"http:\/\/www.w3.org\/2000\/svg\"><path d=\"M416 32H31.9C14.3 32 0 46.5 0 64.3v383.4C0 465.5 14.3 480 31.9 480H416c17.6 0 32-14.5 32-32.3V64.3c0-17.8-14.4-32.3-32-32.3zM135.4 416H69V202.2h66.5V416zm-33.2-243c-21.3 0-38.5-17.3-38.5-38.5S80.9 96 102.2 96c21.2 0 38.5 17.3 38.5 38.5 0 21.3-17.2 38.5-38.5 38.5zm282.1 243h-66.4V312c0-24.8-.5-56.7-34.5-56.7-34.6 0-39.9 27-39.9 54.9V416h-66.4V202.2h63.7v29.2h.9c8.9-16.8 30.6-34.5 62.9-34.5 67.2 0 79.7 44.3 79.7 101.9V416z\"><\/path><\/svg>\t\t\t\t\t<\/a>\n\t\t\t\t<\/span>\n\t\t\t\t\t\t\t<span class=\"elementor-grid-item\" role=\"listitem\">\n\t\t\t\t\t<a class=\"elementor-icon elementor-social-icon elementor-social-icon-x-twitter elementor-repeater-item-a0c29fd\" href=\"https:\/\/x.com\/VitalsToday\" target=\"_blank\" rel=\"\">\n\t\t\t\t\t\t<span class=\"elementor-screen-only\">X-twitter<\/span>\n\t\t\t\t\t\t<svg aria-hidden=\"true\" class=\"e-font-icon-svg e-fab-x-twitter\" viewbox=\"0 0 512 512\" xmlns=\"http:\/\/www.w3.org\/2000\/svg\"><path d=\"M389.2 48h70.6L305.6 224.2 487 464H345L233.7 318.6 106.5 464H35.8L200.7 275.5 26.8 48H172.4L272.9 180.9 389.2 48zM364.4 421.8h39.1L151.1 88h-42L364.4 421.8z\"><\/path><\/svg>\t\t\t\t\t<\/a>\n\t\t\t\t<\/span>\n\t\t\t\t\t\t\t<span class=\"elementor-grid-item\" role=\"listitem\">\n\t\t\t\t\t<a class=\"elementor-icon elementor-social-icon elementor-social-icon-facebook elementor-repeater-item-7932676\" href=\"https:\/\/www.facebook.com\/VitalsToday\/\" target=\"_blank\">\n\t\t\t\t\t\t<span class=\"elementor-screen-only\">Facebook<\/span>\n\t\t\t\t\t\t<svg aria-hidden=\"true\" class=\"e-font-icon-svg e-fab-facebook\" viewbox=\"0 0 512 512\" xmlns=\"http:\/\/www.w3.org\/2000\/svg\"><path d=\"M504 256C504 119 393 8 256 8S8 119 8 256c0 123.78 90.69 226.38 209.25 245V327.69h-63V256h63v-54.64c0-62.15 37-96.48 93.67-96.48 27.14 0 55.52 4.84 55.52 4.84v61h-31.28c-30.8 0-40.41 19.12-40.41 38.73V256h68.78l-11 71.69h-57.78V501C413.31 482.38 504 379.78 504 256z\"><\/path><\/svg>\t\t\t\t\t<\/a>\n\t\t\t\t<\/span>\n\t\t\t\t\t<\/div>\n\t\t\t\t\t\t<\/div>\n\t\t\t\t<\/div>\n\t\t\t\t\t<\/div>\n\t\t\t\t<\/div>\n\t\t<div class=\"elementor-element elementor-element-90ea7c2 e-flex e-con-boxed e-con e-parent\" data-id=\"90ea7c2\" data-element_type=\"container\" data-e-type=\"container\">\n\t\t\t\t\t<div class=\"e-con-inner\">\n\t\t\t\t\t<\/div>\n\t\t\t\t<\/div>\n\t\t\t\t<\/div>","protected":false},"excerpt":{"rendered":"<p>Comment contacter Vitals Today\u00a0: Pour toute suggestion ou collaboration, veuillez nous contacter par courriel ou via LinkedIn. Vous trouverez \u00e9galement des liens vers nos r\u00e9seaux sociaux.<\/p>","protected":false},"author":116057020,"featured_media":0,"parent":0,"menu_order":0,"comment_status":"closed","ping_status":"closed","template":"elementor_theme","meta":{"_stopmodifiedupdate":false,"_modified_date":"","jnews_page_loop":{"first_title":"Latest Post","header_type":"heading_6","layout":"right-sidebar","sidebar":"default-sidebar","second_sidebar":"default-sidebar","sticky_sidebar":"1","module":"3","excerpt_length":"20","content_date":"default","date_custom":"Y\/m\/d","content_pagination":"nav_1","pagination_align":"center","post_sticky":"0","post_offset":"0","posts_per_page":"5","sort_by":"latest"},"jnews_single_page":{"layout":"no-sidebar","sidebar":"default-sidebar","second_sidebar":"default-sidebar","sticky_sidebar":"1","show_post_title":"1","show_post_breadcrumbs":"1","show_post_featured":"1","share_position":"hide","share_color":"share-monocrhome"},"footnotes":""},"class_list":["post-426","page","type-page","status-publish","hentry"],"yoast_head":"<!-- This site is optimized with the Yoast SEO plugin v27.5 - https:\/\/yoast.com\/product\/yoast-seo-wordpress\/ -->\n<title>C\u00f3mo contactar con Vitals Today<\/title>\n<meta name=\"description\" content=\"Contacta con Vitals Today por email o LinkedIn para colaboraciones o sugerencias. Descubre tambi\u00e9n nuestras redes sociales\" \/>\n<meta name=\"robots\" content=\"index, follow, max-snippet:-1, max-image-preview:large, max-video-preview:-1\" \/>\n<link rel=\"canonical\" href=\"https:\/\/vitalstoday.com\/fr\/contact\/\" \/>\n<meta property=\"og:locale\" content=\"fr_FR\" \/>\n<meta property=\"og:type\" content=\"article\" \/>\n<meta property=\"og:title\" content=\"C\u00f3mo contactar con Vitals Today\" \/>\n<meta property=\"og:description\" content=\"Contacta con Vitals Today por email o LinkedIn para colaboraciones o sugerencias. Descubre tambi\u00e9n nuestras redes sociales\" \/>\n<meta property=\"og:url\" content=\"https:\/\/vitalstoday.com\/fr\/contact\/\" \/>\n<meta property=\"og:site_name\" content=\"Vitals Today\" \/>\n<meta property=\"article:publisher\" content=\"https:\/\/www.facebook.com\/VitalsToday\/\" \/>\n<meta property=\"article:modified_time\" content=\"2026-01-07T08:30:21+00:00\" \/>\n<meta name=\"twitter:card\" content=\"summary_large_image\" \/>\n<meta name=\"twitter:site\" content=\"@VitalsToday\" \/>\n<meta name=\"twitter:label1\" content=\"Dur\u00e9e de lecture estim\u00e9e\" \/>\n\t<meta name=\"twitter:data1\" content=\"2 minutes\" \/>\n<script type=\"application\/ld+json\" class=\"yoast-schema-graph\">{\"@context\":\"https:\\\/\\\/schema.org\",\"@graph\":[{\"@type\":[\"WebPage\",\"ContactPage\"],\"@id\":\"https:\\\/\\\/vitalstoday.com\\\/contacto\\\/\",\"url\":\"https:\\\/\\\/vitalstoday.com\\\/contacto\\\/\",\"name\":\"C\u00f3mo contactar con Vitals Today\",\"isPartOf\":{\"@id\":\"https:\\\/\\\/vitalstoday.com\\\/#website\"},\"datePublished\":\"2024-11-05T16:39:42+00:00\",\"dateModified\":\"2026-01-07T08:30:21+00:00\",\"description\":\"Contacta con Vitals Today por email o LinkedIn para colaboraciones o sugerencias. Descubre tambi\u00e9n nuestras redes sociales\",\"inLanguage\":\"fr-FR\",\"potentialAction\":[{\"@type\":\"ReadAction\",\"target\":[\"https:\\\/\\\/vitalstoday.com\\\/contacto\\\/\"]}]},{\"@type\":\"WebSite\",\"@id\":\"https:\\\/\\\/vitalstoday.com\\\/#website\",\"url\":\"https:\\\/\\\/vitalstoday.com\\\/\",\"name\":\"Vitals Today\",\"description\":\"Tu gu\u00eda para entender los medicamentos y cuidar tu salud, est\u00e9s donde est\u00e9s\",\"publisher\":{\"@id\":\"https:\\\/\\\/vitalstoday.com\\\/#organization\"},\"alternateName\":\"VitalsToday\",\"potentialAction\":[{\"@type\":\"SearchAction\",\"target\":{\"@type\":\"EntryPoint\",\"urlTemplate\":\"https:\\\/\\\/vitalstoday.com\\\/?s={search_term_string}\"},\"query-input\":{\"@type\":\"PropertyValueSpecification\",\"valueRequired\":true,\"valueName\":\"search_term_string\"}}],\"inLanguage\":\"fr-FR\"},{\"@type\":\"Organization\",\"@id\":\"https:\\\/\\\/vitalstoday.com\\\/#organization\",\"name\":\"Vitals Today\",\"url\":\"https:\\\/\\\/vitalstoday.com\\\/\",\"logo\":{\"@type\":\"ImageObject\",\"inLanguage\":\"fr-FR\",\"@id\":\"https:\\\/\\\/vitalstoday.com\\\/#\\\/schema\\\/logo\\\/image\\\/\",\"url\":\"https:\\\/\\\/vitalstoday.com\\\/wp-content\\\/uploads\\\/cropped-VitalsToday_Green_Transparent_TextSame_512.png\",\"contentUrl\":\"https:\\\/\\\/vitalstoday.com\\\/wp-content\\\/uploads\\\/cropped-VitalsToday_Green_Transparent_TextSame_512.png\",\"width\":512,\"height\":512,\"caption\":\"Vitals Today\"},\"image\":{\"@id\":\"https:\\\/\\\/vitalstoday.com\\\/#\\\/schema\\\/logo\\\/image\\\/\"},\"sameAs\":[\"https:\\\/\\\/www.facebook.com\\\/VitalsToday\\\/\",\"https:\\\/\\\/x.com\\\/VitalsToday\",\"https:\\\/\\\/www.linkedin.com\\\/company\\\/vitals-today\",\"https:\\\/\\\/bsky.app\\\/profile\\\/vitalstoday.bsky.social\"]}]}<\/script>\n<!-- \/ Yoast SEO plugin. -->","yoast_head_json":{"title":"Comment contacter Vitals aujourd&#039;hui","description":"Contactez Vitals Today par courriel ou LinkedIn pour toute collaboration ou suggestion. Consultez \u00e9galement nos r\u00e9seaux sociaux.","robots":{"index":"index","follow":"follow","max-snippet":"max-snippet:-1","max-image-preview":"max-image-preview:large","max-video-preview":"max-video-preview:-1"},"canonical":"https:\/\/vitalstoday.com\/fr\/contact\/","og_locale":"fr_FR","og_type":"article","og_title":"C\u00f3mo contactar con Vitals Today","og_description":"Contacta con Vitals Today por email o LinkedIn para colaboraciones o sugerencias. Descubre tambi\u00e9n nuestras redes sociales","og_url":"https:\/\/vitalstoday.com\/fr\/contact\/","og_site_name":"Vitals Today","article_publisher":"https:\/\/www.facebook.com\/VitalsToday\/","article_modified_time":"2026-01-07T08:30:21+00:00","twitter_card":"summary_large_image","twitter_site":"@VitalsToday","twitter_misc":{"Dur\u00e9e de lecture estim\u00e9e":"2 minutes"},"schema":{"@context":"https:\/\/schema.org","@graph":[{"@type":["WebPage","ContactPage"],"@id":"https:\/\/vitalstoday.com\/contacto\/","url":"https:\/\/vitalstoday.com\/contacto\/","name":"Comment contacter Vitals aujourd&#039;hui","isPartOf":{"@id":"https:\/\/vitalstoday.com\/#website"},"datePublished":"2024-11-05T16:39:42+00:00","dateModified":"2026-01-07T08:30:21+00:00","description":"Contactez Vitals Today par courriel ou LinkedIn pour toute collaboration ou suggestion. Consultez \u00e9galement nos r\u00e9seaux sociaux.","inLanguage":"fr-FR","potentialAction":[{"@type":"ReadAction","target":["https:\/\/vitalstoday.com\/contacto\/"]}]},{"@type":"WebSite","@id":"https:\/\/vitalstoday.com\/#website","url":"https:\/\/vitalstoday.com\/","name":"Vitals Today","description":"Votre guide pour comprendre les m\u00e9dicaments et prendre soin de votre sant\u00e9, o\u00f9 que vous soyez.","publisher":{"@id":"https:\/\/vitalstoday.com\/#organization"},"alternateName":"VitalsToday","potentialAction":[{"@type":"SearchAction","target":{"@type":"EntryPoint","urlTemplate":"https:\/\/vitalstoday.com\/?s={search_term_string}"},"query-input":{"@type":"PropertyValueSpecification","valueRequired":true,"valueName":"search_term_string"}}],"inLanguage":"fr-FR"},{"@type":"Organization","@id":"https:\/\/vitalstoday.com\/#organization","name":"Vitals Today","url":"https:\/\/vitalstoday.com\/","logo":{"@type":"ImageObject","inLanguage":"fr-FR","@id":"https:\/\/vitalstoday.com\/#\/schema\/logo\/image\/","url":"https:\/\/vitalstoday.com\/wp-content\/uploads\/cropped-VitalsToday_Green_Transparent_TextSame_512.png","contentUrl":"https:\/\/vitalstoday.com\/wp-content\/uploads\/cropped-VitalsToday_Green_Transparent_TextSame_512.png","width":512,"height":512,"caption":"Vitals Today"},"image":{"@id":"https:\/\/vitalstoday.com\/#\/schema\/logo\/image\/"},"sameAs":["https:\/\/www.facebook.com\/VitalsToday\/","https:\/\/x.com\/VitalsToday","https:\/\/www.linkedin.com\/company\/vitals-today","https:\/\/bsky.app\/profile\/vitalstoday.bsky.social"]}]}},"jetpack_sharing_enabled":true,"_links":{"self":[{"href":"https:\/\/vitalstoday.com\/fr\/wp-json\/wp\/v2\/pages\/426","targetHints":{"allow":["GET"]}}],"collection":[{"href":"https:\/\/vitalstoday.com\/fr\/wp-json\/wp\/v2\/pages"}],"about":[{"href":"https:\/\/vitalstoday.com\/fr\/wp-json\/wp\/v2\/types\/page"}],"author":[{"embeddable":true,"href":"https:\/\/vitalstoday.com\/fr\/wp-json\/wp\/v2\/users\/116057020"}],"replies":[{"embeddable":true,"href":"https:\/\/vitalstoday.com\/fr\/wp-json\/wp\/v2\/comments?post=426"}],"version-history":[{"count":103,"href":"https:\/\/vitalstoday.com\/fr\/wp-json\/wp\/v2\/pages\/426\/revisions"}],"predecessor-version":[{"id":4451,"href":"https:\/\/vitalstoday.com\/fr\/wp-json\/wp\/v2\/pages\/426\/revisions\/4451"}],"wp:attachment":[{"href":"https:\/\/vitalstoday.com\/fr\/wp-json\/wp\/v2\/media?parent=426"}],"curies":[{"name":"wp","href":"https:\/\/api.w.org\/{rel}","templated":true}]}}