{"id":445,"date":"2024-11-05T18:59:27","date_gmt":"2024-11-05T17:59:27","guid":{"rendered":"https:\/\/prjxgjwpoh.onrocket.site\/?page_id=445"},"modified":"2024-11-11T16:41:59","modified_gmt":"2024-11-11T15:41:59","slug":"avis-juridique","status":"publish","type":"page","link":"https:\/\/vitalstoday.com\/fr\/aviso-legal\/","title":{"rendered":"Avis juridique"},"content":{"rendered":"\t\t<div data-elementor-type=\"wp-page\" data-elementor-id=\"445\" class=\"elementor elementor-445\">\n\t\t\t\t<div class=\"elementor-element elementor-element-7af5d546 e-flex e-con-boxed e-con e-parent\" data-id=\"7af5d546\" data-element_type=\"container\" data-e-type=\"container\">\n\t\t\t\t\t<div class=\"e-con-inner\">\n\t\t\t\t<div class=\"elementor-element elementor-element-4da1a2bd elementor-widget elementor-widget-text-editor\" data-id=\"4da1a2bd\" data-element_type=\"widget\" data-e-type=\"widget\" data-widget_type=\"text-editor.default\">\n\t\t\t\t<div class=\"elementor-widget-container\">\n\t\t\t\t\t\t\t\t\t<p><\/p>\n<h1><span style=\"color: #0d1317; font-size: 1.1em; text-align: var(--text-align);\"><b>Aviso Legal<\/b><\/span><\/h1>\n<p><b style=\"color: #0d1317; font-size: 1.1em; text-align: var(--text-align);\">&nbsp;<\/b><\/p>\n<h5><b style=\"color: #0d1317; font-size: 1.1em; text-align: var(--text-align);\">1. Identificaci\u00f3n del Titular del Sitio Web<\/b><\/h5>\n<p><\/p>\n<p><\/p>\n<p>El presente sitio web, <strong>VitalsToday.com<\/strong> (en adelante, el \u00abSitio Web\u00bb), es administrado por Basim Al-Rosan. Puede ponerse en contacto con nosotros a trav\u00e9s del correo electr\u00f3nico: <a>contact@vitalstoday.com<\/a>.<\/p>\n<p><\/p>\n<p><\/p>\n<h5 class=\"wp-block-heading\"><b>2. Objeto del Sitio Web<\/b><\/h5>\n<p><\/p>\n<p><\/p>\n<p>El Sitio Web tiene como objetivo proporcionar informaci\u00f3n y noticias del sector sanitario y de la salud. El contenido disponible en este sitio es de car\u00e1cter meramente informativo y no constituye asesoramiento profesional ni m\u00e9dico.<\/p>\n<p><\/p>\n<p><\/p>\n<h5 class=\"wp-block-heading\"><b>3. Propiedad Intelectual e Industrial<\/b><\/h5>\n<p><\/p>\n<p><\/p>\n<p>Todos los contenidos, incluyendo textos, im\u00e1genes, gr\u00e1ficos, logotipos, y dem\u00e1s materiales disponibles en el Sitio Web, son propiedad exclusiva de Basim Al-Rosan o de sus leg\u00edtimos titulares. Queda prohibida su reproducci\u00f3n, distribuci\u00f3n, transformaci\u00f3n o cualquier otra actividad que se pueda realizar con los contenidos del sitio web sin el consentimiento previo por escrito del titular.<\/p>\n<p><\/p>\n<p><\/p>\n<h5 class=\"wp-block-heading\"><b>4. Condiciones de Uso<\/b><\/h5>\n<p><\/p>\n<p><\/p>\n<p>El acceso y uso del Sitio Web atribuye la condici\u00f3n de usuario e implica la aceptaci\u00f3n plena de las presentes condiciones de uso. El usuario se compromete a hacer un uso adecuado de los contenidos y servicios ofrecidos en el Sitio Web y a no emplearlos para actividades il\u00edcitas o contrarias a la buena fe y al orden p\u00fablico.<\/p>\n<p><\/p>\n<p><\/p>\n<h5 class=\"wp-block-heading\"><b>5. Protecci\u00f3n de Datos Personales<\/b><\/h5>\n<p><\/p>\n<p><\/p>\n<p>En cumplimiento con la normativa de protecci\u00f3n de datos personales, informamos a los usuarios que los datos personales que puedan facilitar a trav\u00e9s de este Sitio Web ser\u00e1n tratados de forma confidencial y utilizados exclusivamente para los fines especificados en la Pol\u00edtica de Privacidad, a la cual puede acceder a trav\u00e9s del siguiente enlace: <a href=\"https:\/\/vitalstoday.com\/politica-de-privacidad\/\">[Pol\u00edtica de Privacidad]<\/a>.<\/p>\n<p><\/p>\n<p><\/p>\n<h5 class=\"wp-block-heading\"><b>6. Limitaci\u00f3n de Responsabilidad<\/b><\/h5>\n<p><\/p>\n<p><\/p>\n<p>Basim Al-Rosan no se responsabiliza por el uso que los usuarios puedan hacer de la informaci\u00f3n contenida en el Sitio Web, ni por los da\u00f1os o perjuicios que pudieran derivarse de errores, omisiones o inexactitudes en el contenido del Sitio Web. La informaci\u00f3n proporcionada es \u00fanicamente para fines informativos y no debe considerarse como asesoramiento m\u00e9dico o profesional.<\/p>\n<p><\/p>\n<p><\/p>\n<h5 class=\"wp-block-heading\"><b>7. Enlaces Externos<\/b><\/h5>\n<p><\/p>\n<p><\/p>\n<p>Este Sitio Web puede contener enlaces a otros sitios web. Basim Al-Rosan no se responsabiliza del contenido, pol\u00edticas de privacidad ni pr\u00e1cticas de sitios externos.<\/p>\n<p><\/p>\n<p><\/p>\n<h5 class=\"wp-block-heading\"><b>8. Legislaci\u00f3n y Jurisdicci\u00f3n<\/b><\/h5>\n<p><\/p>\n<p><\/p>\n<p>Las presentes condiciones se rigen por la legislaci\u00f3n espa\u00f1ola. Para la resoluci\u00f3n de cualquier controversia que pudiera surgir con relaci\u00f3n a este sitio web o las actividades desarrolladas en \u00e9l, se someter\u00e1n a los juzgados y tribunales de Madrid, Espa\u00f1a.<\/p>\n<p><\/p>\t\t\t\t\t\t\t\t<\/div>\n\t\t\t\t<\/div>\n\t\t\t\t\t<\/div>\n\t\t\t\t<\/div>\n\t\t\t\t<\/div>\n\t\t","protected":false},"excerpt":{"rendered":"<p>Mentions l\u00e9gales de Vitals Today\u00a0: Informations sur les conditions d\u2019utilisation et la conformit\u00e9 aux r\u00e9glementations applicables afin de prot\u00e9ger vos droits.<\/p>","protected":false},"author":116057020,"featured_media":0,"parent":0,"menu_order":0,"comment_status":"closed","ping_status":"closed","template":"elementor_header_footer","meta":{"_stopmodifiedupdate":false,"_modified_date":"","jnews_page_loop":{"first_title":"Latest Post","header_type":"heading_6","layout":"right-sidebar","sidebar":"default-sidebar","second_sidebar":"default-sidebar","sticky_sidebar":"1","module":"3","excerpt_length":"20","content_date":"default","date_custom":"Y\/m\/d","content_pagination":"nav_1","pagination_align":"center","post_sticky":"0","post_offset":"0","posts_per_page":"5","sort_by":"latest"},"jnews_single_page":{"layout":"right-sidebar-narrow","sidebar":"default-sidebar","second_sidebar":"default-sidebar","sticky_sidebar":"1","show_post_title":"1","show_post_breadcrumbs":"1","show_post_featured":"0","share_position":"hide","share_color":"share-monocrhome"},"footnotes":""},"class_list":["post-445","page","type-page","status-publish","hentry"],"yoast_head":"<!-- This site is optimized with the Yoast SEO plugin v27.5 - https:\/\/yoast.com\/product\/yoast-seo-wordpress\/ -->\n<title>Aviso Legal | Vitals Today<\/title>\n<meta name=\"description\" content=\"Aviso Legal de Vitals Today: informaci\u00f3n sobre t\u00e9rminos legales, condiciones de uso, y cumplimiento de normativas aplicables para proteger tus derechos\" \/>\n<meta name=\"robots\" content=\"noindex, follow\" \/>\n<meta property=\"og:locale\" content=\"fr_FR\" \/>\n<meta property=\"og:type\" content=\"article\" \/>\n<meta property=\"og:title\" content=\"Aviso Legal | Vitals Today\" \/>\n<meta property=\"og:description\" content=\"Aviso Legal de Vitals Today: informaci\u00f3n sobre t\u00e9rminos legales, condiciones de uso, y cumplimiento de normativas aplicables para proteger tus derechos\" \/>\n<meta property=\"og:url\" content=\"https:\/\/vitalstoday.com\/fr\/avis-juridique\/\" \/>\n<meta property=\"og:site_name\" content=\"Vitals Today\" \/>\n<meta property=\"article:publisher\" content=\"https:\/\/www.facebook.com\/VitalsToday\/\" \/>\n<meta property=\"article:modified_time\" content=\"2024-11-11T15:41:59+00:00\" \/>\n<meta name=\"twitter:card\" content=\"summary_large_image\" \/>\n<meta name=\"twitter:site\" content=\"@VitalsToday\" \/>\n<meta name=\"twitter:label1\" content=\"Dur\u00e9e de lecture estim\u00e9e\" \/>\n\t<meta name=\"twitter:data1\" content=\"2 minutes\" \/>\n<script type=\"application\/ld+json\" class=\"yoast-schema-graph\">{\"@context\":\"https:\\\/\\\/schema.org\",\"@graph\":[{\"@type\":\"WebPage\",\"@id\":\"https:\\\/\\\/vitalstoday.com\\\/aviso-legal\\\/\",\"url\":\"https:\\\/\\\/vitalstoday.com\\\/aviso-legal\\\/\",\"name\":\"Aviso Legal | Vitals Today\",\"isPartOf\":{\"@id\":\"https:\\\/\\\/vitalstoday.com\\\/#website\"},\"datePublished\":\"2024-11-05T17:59:27+00:00\",\"dateModified\":\"2024-11-11T15:41:59+00:00\",\"description\":\"Aviso Legal de Vitals Today: informaci\u00f3n sobre t\u00e9rminos legales, condiciones de uso, y cumplimiento de normativas aplicables para proteger tus derechos\",\"inLanguage\":\"fr-FR\",\"potentialAction\":[{\"@type\":\"ReadAction\",\"target\":[\"https:\\\/\\\/vitalstoday.com\\\/aviso-legal\\\/\"]}]},{\"@type\":\"WebSite\",\"@id\":\"https:\\\/\\\/vitalstoday.com\\\/#website\",\"url\":\"https:\\\/\\\/vitalstoday.com\\\/\",\"name\":\"Vitals Today\",\"description\":\"Tu gu\u00eda para entender los medicamentos y cuidar tu salud, est\u00e9s donde est\u00e9s\",\"publisher\":{\"@id\":\"https:\\\/\\\/vitalstoday.com\\\/#organization\"},\"alternateName\":\"VitalsToday\",\"potentialAction\":[{\"@type\":\"SearchAction\",\"target\":{\"@type\":\"EntryPoint\",\"urlTemplate\":\"https:\\\/\\\/vitalstoday.com\\\/?s={search_term_string}\"},\"query-input\":{\"@type\":\"PropertyValueSpecification\",\"valueRequired\":true,\"valueName\":\"search_term_string\"}}],\"inLanguage\":\"fr-FR\"},{\"@type\":\"Organization\",\"@id\":\"https:\\\/\\\/vitalstoday.com\\\/#organization\",\"name\":\"Vitals Today\",\"url\":\"https:\\\/\\\/vitalstoday.com\\\/\",\"logo\":{\"@type\":\"ImageObject\",\"inLanguage\":\"fr-FR\",\"@id\":\"https:\\\/\\\/vitalstoday.com\\\/#\\\/schema\\\/logo\\\/image\\\/\",\"url\":\"https:\\\/\\\/vitalstoday.com\\\/wp-content\\\/uploads\\\/cropped-VitalsToday_Green_Transparent_TextSame_512.png\",\"contentUrl\":\"https:\\\/\\\/vitalstoday.com\\\/wp-content\\\/uploads\\\/cropped-VitalsToday_Green_Transparent_TextSame_512.png\",\"width\":512,\"height\":512,\"caption\":\"Vitals Today\"},\"image\":{\"@id\":\"https:\\\/\\\/vitalstoday.com\\\/#\\\/schema\\\/logo\\\/image\\\/\"},\"sameAs\":[\"https:\\\/\\\/www.facebook.com\\\/VitalsToday\\\/\",\"https:\\\/\\\/x.com\\\/VitalsToday\",\"https:\\\/\\\/www.linkedin.com\\\/company\\\/vitals-today\",\"https:\\\/\\\/bsky.app\\\/profile\\\/vitalstoday.bsky.social\"]}]}<\/script>\n<!-- \/ Yoast SEO plugin. -->","yoast_head_json":{"title":"Mentions l\u00e9gales | Vitals Today","description":"Mentions l\u00e9gales de Vitals Today\u00a0: Informations sur les conditions d\u2019utilisation et la conformit\u00e9 aux r\u00e9glementations applicables afin de prot\u00e9ger vos droits.","robots":{"index":"noindex","follow":"follow"},"og_locale":"fr_FR","og_type":"article","og_title":"Aviso Legal | Vitals Today","og_description":"Aviso Legal de Vitals Today: informaci\u00f3n sobre t\u00e9rminos legales, condiciones de uso, y cumplimiento de normativas aplicables para proteger tus derechos","og_url":"https:\/\/vitalstoday.com\/fr\/avis-juridique\/","og_site_name":"Vitals Today","article_publisher":"https:\/\/www.facebook.com\/VitalsToday\/","article_modified_time":"2024-11-11T15:41:59+00:00","twitter_card":"summary_large_image","twitter_site":"@VitalsToday","twitter_misc":{"Dur\u00e9e de lecture estim\u00e9e":"2 minutes"},"schema":{"@context":"https:\/\/schema.org","@graph":[{"@type":"WebPage","@id":"https:\/\/vitalstoday.com\/aviso-legal\/","url":"https:\/\/vitalstoday.com\/aviso-legal\/","name":"Mentions l\u00e9gales | Vitals Today","isPartOf":{"@id":"https:\/\/vitalstoday.com\/#website"},"datePublished":"2024-11-05T17:59:27+00:00","dateModified":"2024-11-11T15:41:59+00:00","description":"Mentions l\u00e9gales de Vitals Today\u00a0: Informations sur les conditions d\u2019utilisation et la conformit\u00e9 aux r\u00e9glementations applicables afin de prot\u00e9ger vos droits.","inLanguage":"fr-FR","potentialAction":[{"@type":"ReadAction","target":["https:\/\/vitalstoday.com\/aviso-legal\/"]}]},{"@type":"WebSite","@id":"https:\/\/vitalstoday.com\/#website","url":"https:\/\/vitalstoday.com\/","name":"Vitals Today","description":"Votre guide pour comprendre les m\u00e9dicaments et prendre soin de votre sant\u00e9, o\u00f9 que vous soyez.","publisher":{"@id":"https:\/\/vitalstoday.com\/#organization"},"alternateName":"VitalsToday","potentialAction":[{"@type":"SearchAction","target":{"@type":"EntryPoint","urlTemplate":"https:\/\/vitalstoday.com\/?s={search_term_string}"},"query-input":{"@type":"PropertyValueSpecification","valueRequired":true,"valueName":"search_term_string"}}],"inLanguage":"fr-FR"},{"@type":"Organization","@id":"https:\/\/vitalstoday.com\/#organization","name":"Vitals Today","url":"https:\/\/vitalstoday.com\/","logo":{"@type":"ImageObject","inLanguage":"fr-FR","@id":"https:\/\/vitalstoday.com\/#\/schema\/logo\/image\/","url":"https:\/\/vitalstoday.com\/wp-content\/uploads\/cropped-VitalsToday_Green_Transparent_TextSame_512.png","contentUrl":"https:\/\/vitalstoday.com\/wp-content\/uploads\/cropped-VitalsToday_Green_Transparent_TextSame_512.png","width":512,"height":512,"caption":"Vitals Today"},"image":{"@id":"https:\/\/vitalstoday.com\/#\/schema\/logo\/image\/"},"sameAs":["https:\/\/www.facebook.com\/VitalsToday\/","https:\/\/x.com\/VitalsToday","https:\/\/www.linkedin.com\/company\/vitals-today","https:\/\/bsky.app\/profile\/vitalstoday.bsky.social"]}]}},"jetpack_sharing_enabled":true,"_links":{"self":[{"href":"https:\/\/vitalstoday.com\/fr\/wp-json\/wp\/v2\/pages\/445","targetHints":{"allow":["GET"]}}],"collection":[{"href":"https:\/\/vitalstoday.com\/fr\/wp-json\/wp\/v2\/pages"}],"about":[{"href":"https:\/\/vitalstoday.com\/fr\/wp-json\/wp\/v2\/types\/page"}],"author":[{"embeddable":true,"href":"https:\/\/vitalstoday.com\/fr\/wp-json\/wp\/v2\/users\/116057020"}],"replies":[{"embeddable":true,"href":"https:\/\/vitalstoday.com\/fr\/wp-json\/wp\/v2\/comments?post=445"}],"version-history":[{"count":28,"href":"https:\/\/vitalstoday.com\/fr\/wp-json\/wp\/v2\/pages\/445\/revisions"}],"predecessor-version":[{"id":5015,"href":"https:\/\/vitalstoday.com\/fr\/wp-json\/wp\/v2\/pages\/445\/revisions\/5015"}],"wp:attachment":[{"href":"https:\/\/vitalstoday.com\/fr\/wp-json\/wp\/v2\/media?parent=445"}],"curies":[{"name":"wp","href":"https:\/\/api.w.org\/{rel}","templated":true}]}}